{"id":130,"date":"2023-08-27T14:20:50","date_gmt":"2023-08-27T06:20:50","guid":{"rendered":"https:\/\/www.lxelectriccars.com\/?page_id=130"},"modified":"2023-08-27T18:20:50","modified_gmt":"2023-08-27T10:20:50","slug":"about","status":"publish","type":"page","link":"https:\/\/www.lxelectriccars.com\/az\/","title":{"rendered":"haqq\u0131nda"},"content":{"rendered":"<p><img loading=\"lazy\" decoding=\"async\" class=\"size-full wp-image-138 aligncenter\" src=\"http:\/\/www.lxelectriccars.com\/wp-content\/uploads\/2023\/08\/banner-of-electric-cars.jpg\" alt=\"Elektrikli avtomobill\u0259rin baneri\" width=\"800\" height=\"534\" srcset=\"https:\/\/www.lxelectriccars.com\/wp-content\/uploads\/2023\/08\/banner-of-electric-cars.jpg 800w, https:\/\/www.lxelectriccars.com\/wp-content\/uploads\/2023\/08\/banner-of-electric-cars-300x200.jpg 300w, https:\/\/www.lxelectriccars.com\/wp-content\/uploads\/2023\/08\/banner-of-electric-cars-768x513.jpg 768w\" sizes=\"auto, (max-width: 800px) 100vw, 800px\" \/><\/p>\n<p>Biz elektrik avtomobill\u0259r s\u0259nayesind\u0259 qabaqc\u0131lam\u0131z, inqilabi elektrik avtomobill\u0259rimizl\u0259 avtomobil texnologiyas\u0131n\u0131 yenid\u0259n m\u00fc\u0259yy\u0259n edirik. Davaml\u0131l\u0131q v\u0259 innovasiyaya olan m\u00f6hk\u0259m inanc\u0131m\u0131zla daha ya\u015f\u0131l g\u0259l\u0259c\u0259y\u0259 do\u011fru transformasiyan\u0131 ir\u0259li apar\u0131r\u0131q.<\/p>\n<h3>Bizim Vizyonumuz<\/h3>\n<p>Bizim vizyonumuz \u0259l\u00e7atan, y\u00fcks\u0259k keyfiyy\u0259tli elektrik n\u0259qliyyat vasit\u0259l\u0259ri t\u0259qdim etm\u0259kl\u0259 \u0259n\u0259n\u0259vi n\u0259qliyyat s\u0259nayesini silk\u0259l\u0259m\u0259kdir. Biz n\u0259qliyyat\u0131n art\u0131q \u0259traf m\u00fchitin pisl\u0259\u015fm\u0259sin\u0259 t\u00f6hf\u0259 verm\u0259y\u0259c\u0259yi, \u0259ksin\u0259 onun h\u0259ll yolu olaca\u011f\u0131 bir d\u00fcnyan\u0131 t\u0259s\u0259vv\u00fcr edirik.<\/p>\n<h3>T\u0259klifimiz<\/h3>\n<p>M\u0259hsul \u00e7e\u015fidimiz m\u00fcxt\u0259lifdir: g\u00fcnd\u0259lik istifad\u0259 \u00fc\u00e7\u00fcn kompakt avtomobill\u0259rd\u0259n biznesl\u0259r \u00fc\u00e7\u00fcn kommersiya n\u0259qliyyat vasit\u0259l\u0259rin\u0259 q\u0259d\u0259r. H\u0259r bir avtomobilimiz keyfiyy\u0259t\u0259, innovasiyaya v\u0259 davaml\u0131l\u0131\u011fa ba\u011fl\u0131l\u0131\u011f\u0131m\u0131z\u0131n g\u00f6st\u0259ricisidir. Elektrikli avtomobill\u0259rimiz \u0259n\u0259n\u0259vi n\u0259qliyyat vasit\u0259l\u0259rin\u0259 nisb\u0259t\u0259n a\u015fa\u011f\u0131 istismar v\u0259 texniki xidm\u0259t x\u0259rcl\u0259ri, s\u0131f\u0131r emissiya v\u0259 daha s\u0259ssiz, daha hamar s\u00fcrm\u0259 t\u0259cr\u00fcb\u0259si daxil olmaqla \u00e7oxsayl\u0131 \u00fcst\u00fcnl\u00fckl\u0259r t\u0259klif edir.<\/p>\n<h3>\u0130nnovasiyalar\u0131m\u0131z<\/h3>\n<p>Biz elektrik avtomobill\u0259r texnologiyas\u0131nda m\u00fcmk\u00fcn olanlar\u0131n s\u0259rh\u0259dl\u0259rini davaml\u0131 olaraq geni\u015fl\u0259ndiririk. Komandalar\u0131m\u0131z batareyan\u0131n \u00f6mr\u00fcn\u00fcn uzad\u0131lmas\u0131, \u015farj s\u00fcr\u0259tinin art\u0131r\u0131lmas\u0131 v\u0259 avtonom s\u00fcr\u00fcc\u00fcl\u00fck imkanlar\u0131n\u0131n t\u0259kmill\u0259\u015fdirilm\u0259si \u00fcz\u0259rind\u0259 f\u0259al i\u015fl\u0259yir.<\/p>\n<h3>\u0130nfrastrukturun inki\u015faf\u0131<\/h3>\n<p>D\u0259st\u0259k infrastrukturunun vacibliyini n\u0259z\u0259r\u0259 alaraq, \u00f6lk\u0259 \u00fczr\u0259 elektrik avtomobill\u0259rinin doldurma stansiyalar\u0131n\u0131n inki\u015faf\u0131na s\u0259rmay\u0259 qoyuruq. M\u0259qs\u0259dimiz elektrik avtomobilinin sahibi olmaq v\u0259 ondan istifad\u0259 etm\u0259yi \u0259n\u0259n\u0259vi avtomobil q\u0259d\u0259r rahat etm\u0259kdir.<\/p>\n<h3>Tan\u0131nma<\/h3>\n<p>S\u0259yimiz n\u0259z\u0259rd\u0259n qa\u00e7may\u0131b. \u0130nnovativ dizaynlar\u0131m\u0131z v\u0259 qabaqc\u0131l texnologiyam\u0131z \u00fc\u00e7\u00fcn s\u0259naye qurumlar\u0131ndan t\u0259rifl\u0259r alm\u0131\u015f\u0131q.<\/p>\n<h3>G\u0259l\u0259c\u0259k<\/h3>\n<p>Biz g\u0259l\u0259c\u0259y\u0259 h\u0259y\u0259canla bax\u0131r\u0131q. Yenilikl\u0259r etm\u0259y\u0259 v\u0259 b\u00f6y\u00fcm\u0259y\u0259 davam etdikc\u0259, elektrik avtomobill\u0259rin geni\u015f yay\u0131lmas\u0131 yaln\u0131z m\u00fcmk\u00fcn deyil, h\u0259m d\u0259 qa\u00e7\u0131lmazd\u0131r. N\u0259tic\u0259 etibaril\u0259, biz sad\u0259c\u0259 avtomobil \u015firk\u0259ti deyilik. Biz davaml\u0131 g\u0259l\u0259c\u0259k yaratma\u011fa h\u0259sr olunmu\u015f vizionerl\u0259rd\u0259n, yenilik\u00e7il\u0259rd\u0259n v\u0259 ekoloji m\u0259suliyy\u0259t da\u015f\u0131yanlardan ibar\u0259t komanday\u0131q. G\u0259l\u0259c\u0259y\u0259 baxd\u0131qda, n\u0259qliyyat\u0131 d\u0259yi\u015fdirm\u0259k missiyam\u0131za sadiq qal\u0131r\u0131q. Batareya texnologiyalar\u0131ndak\u0131 ir\u0259lil\u0259yi\u015fl\u0259r, avtonom s\u00fcr\u00fcc\u00fcl\u00fck, b\u0259rpa olunan enerji v\u0259 elektrik avtomobill\u0259rinin doldurma stansiyalar\u0131 kimi imkanlardan h\u0259y\u0259canlan\u0131r\u0131q v\u0259 bu inki\u015faflar\u0131 g\u0259l\u0259c\u0259k modell\u0259rimiz\u0259 inteqrasiya etm\u0259y\u0259 sadiqik. M\u0259qs\u0259dimiz yaln\u0131z elektrik avtomobill\u0259ri istehsal etm\u0259k deyil, h\u0259m d\u0259 h\u0259r k\u0259s \u00fc\u00e7\u00fcn faydal\u0131 olan davaml\u0131 n\u0259qliyyat ekosistemi yaratmaqd\u0131r.<\/p>","protected":false},"excerpt":{"rendered":"<p>we are a pioneer in the electric cars industry, is redefining automobile technology with its ground-breaking electric cars. With a firm belief in sustainability and innovation, we are driving the transformation towards a greener future. Our Vision Our vision is to disrupt the conventional transportation industry by introducing affordable, high-quality electric vehicles. We envision a&hellip;&nbsp;<a href=\"https:\/\/www.lxelectriccars.com\/az\/\" class=\"\" rel=\"bookmark\">Read More &raquo;<span class=\"screen-reader-text\">haqq\u0131nda<\/span><\/a><\/p>","protected":false},"author":1,"featured_media":0,"parent":0,"menu_order":0,"comment_status":"closed","ping_status":"closed","template":"","meta":{"_seopress_robots_primary_cat":"","neve_meta_sidebar":"","neve_meta_container":"","neve_meta_enable_content_width":"off","neve_meta_content_width":100,"neve_meta_title_alignment":"","neve_meta_author_avatar":"","neve_post_elements_order":"","neve_meta_disable_header":"","neve_meta_disable_footer":"","neve_meta_disable_title":"","ngg_post_thumbnail":0,"footnotes":""},"class_list":["post-130","page","type-page","status-publish","hentry"],"_links":{"self":[{"href":"https:\/\/www.lxelectriccars.com\/az\/wp-json\/wp\/v2\/pages\/130","targetHints":{"allow":["GET"]}}],"collection":[{"href":"https:\/\/www.lxelectriccars.com\/az\/wp-json\/wp\/v2\/pages"}],"about":[{"href":"https:\/\/www.lxelectriccars.com\/az\/wp-json\/wp\/v2\/types\/page"}],"author":[{"embeddable":true,"href":"https:\/\/www.lxelectriccars.com\/az\/wp-json\/wp\/v2\/users\/1"}],"replies":[{"embeddable":true,"href":"https:\/\/www.lxelectriccars.com\/az\/wp-json\/wp\/v2\/comments?post=130"}],"version-history":[{"count":8,"href":"https:\/\/www.lxelectriccars.com\/az\/wp-json\/wp\/v2\/pages\/130\/revisions"}],"predecessor-version":[{"id":208,"href":"https:\/\/www.lxelectriccars.com\/az\/wp-json\/wp\/v2\/pages\/130\/revisions\/208"}],"wp:attachment":[{"href":"https:\/\/www.lxelectriccars.com\/az\/wp-json\/wp\/v2\/media?parent=130"}],"curies":[{"name":"wp","href":"https:\/\/api.w.org\/{rel}","templated":true}]}}