{"id":130,"date":"2023-08-27T14:20:50","date_gmt":"2023-08-27T06:20:50","guid":{"rendered":"https:\/\/www.lxelectriccars.com\/?page_id=130"},"modified":"2023-08-27T18:20:50","modified_gmt":"2023-08-27T10:20:50","slug":"about","status":"publish","type":"page","link":"https:\/\/www.lxelectriccars.com\/bs\/","title":{"rendered":"o"},"content":{"rendered":"<p><img loading=\"lazy\" decoding=\"async\" class=\"size-full wp-image-138 aligncenter\" src=\"http:\/\/www.lxelectriccars.com\/wp-content\/uploads\/2023\/08\/banner-of-electric-cars.jpg\" alt=\"Zastava elektri\u010dnih automobila\" width=\"800\" height=\"534\" srcset=\"https:\/\/www.lxelectriccars.com\/wp-content\/uploads\/2023\/08\/banner-of-electric-cars.jpg 800w, https:\/\/www.lxelectriccars.com\/wp-content\/uploads\/2023\/08\/banner-of-electric-cars-300x200.jpg 300w, https:\/\/www.lxelectriccars.com\/wp-content\/uploads\/2023\/08\/banner-of-electric-cars-768x513.jpg 768w\" sizes=\"auto, (max-width: 800px) 100vw, 800px\" \/><\/p>\n<p>Mi smo pioniri u industriji elektri\u010dnih automobila i redefiniramo automobilsku tehnologiju svojim revolucionarnim elektri\u010dnim automobilima. Sa \u010dvrstim vjerovanjem u odr\u017eivost i inovacije, pokre\u0107emo transformaciju ka zelenijoj budu\u0107nosti.<\/p>\n<h3>Na\u0161a vizija<\/h3>\n<p>Na\u0161a vizija je da poremetimo konvencionalnu transportnu industriju uvo\u0111enjem pristupa\u010dnih, visokokvalitetnih elektri\u010dnih vozila. Zamislili smo svijet u kojem transport vi\u0161e nije uzro\u010dnik degradacije okoli\u0161a, ve\u0107 njezino rje\u0161enje.<\/p>\n<h3>Na\u0161a ponuda<\/h3>\n<p>Na\u0161 asortiman proizvoda je raznolik, od kompaktnih automobila za svakodnevnu upotrebu do komercijalnih vozila za preduze\u0107a. Svaki na\u0161 automobil je dokaz na\u0161e posve\u0107enosti kvalitetu, inovacijama i odr\u017eivosti. Na\u0161i elektri\u010dni automobili nude brojne prednosti u odnosu na tradicionalna vozila, uklju\u010duju\u0107i ni\u017ee tro\u0161kove eksploatacije i odr\u017eavanja, nulte emisije i ti\u0161e, ugla\u0111enije iskustvo vo\u017enje.<\/p>\n<h3>Na\u0161e inovacije<\/h3>\n<p>Stalno pomjeramo granice onoga \u0161to je mogu\u0107e u tehnologiji elektri\u010dnih automobila. Na\u0161i timovi aktivno rade na unapre\u0111enju trajanja baterija, brzine punjenja i mogu\u0107nosti autonomne vo\u017enje.<\/p>\n<h3>Razvoj infrastrukture<\/h3>\n<p>Prepoznaju\u0107i potrebu za podr\u017enom infrastrukturom, ula\u017eemo u razvoj stanica za punjenje elektri\u010dnih automobila \u0161irom zemlje. Na\u0161 cilj je osigurati da posjedovanje i kori\u0161tenje elektri\u010dnih automobila bude jednako prakti\u010dno kao kod konvencionalnih.<\/p>\n<h3>Priznanje<\/h3>\n<p>Na\u0161i napori nisu ostali nezapa\u017eeni. Primili smo pohvale od industrijskih tijela za na\u0161e inovativne dizajne i vrhunsku tehnologiju.<\/p>\n<h3>Budu\u0107nost<\/h3>\n<p>Uzbu\u0111eni smo zbog budu\u0107nosti. Dok nastavljamo s inovacijama i rastom, vjerujemo da \u0161iroka primjena elektri\u010dnih automobila nije samo mogu\u0107a, ve\u0107 i neizbje\u017ena. Zaklju\u010dno, mi smo vi\u0161e od same automobilske kompanije. Mi smo tim vizionara, inovatora i \u010duvara okoli\u0161a, posve\u0107en stvaranju odr\u017eive budu\u0107nosti. Gledaju\u0107i u budu\u0107nost, posve\u0107eni smo nastavku na\u0161e misije transformacije transporta. Uzbu\u0111eni smo zbog mogu\u0107nosti koje nude napretci u tehnologiji baterija, autonomnoj vo\u017enji, obnovljivoj energiji i stanicama za punjenje elektri\u010dnih automobila, te smo posve\u0107eni integraciji ovih dostignu\u0107a u na\u0161e budu\u0107e modele. Na\u0161 cilj nije samo proizvoditi elektri\u010dne automobile, ve\u0107 i stvoriti odr\u017eiv ekosistem transporta koji koristi svima.<\/p>","protected":false},"excerpt":{"rendered":"<p>we are a pioneer in the electric cars industry, is redefining automobile technology with its ground-breaking electric cars. With a firm belief in sustainability and innovation, we are driving the transformation towards a greener future. Our Vision Our vision is to disrupt the conventional transportation industry by introducing affordable, high-quality electric vehicles. We envision a&hellip;&nbsp;<a href=\"https:\/\/www.lxelectriccars.com\/bs\/\" class=\"\" rel=\"bookmark\">Read More &raquo;<span class=\"screen-reader-text\">o<\/span><\/a><\/p>","protected":false},"author":1,"featured_media":0,"parent":0,"menu_order":0,"comment_status":"closed","ping_status":"closed","template":"","meta":{"_seopress_robots_primary_cat":"","neve_meta_sidebar":"","neve_meta_container":"","neve_meta_enable_content_width":"off","neve_meta_content_width":100,"neve_meta_title_alignment":"","neve_meta_author_avatar":"","neve_post_elements_order":"","neve_meta_disable_header":"","neve_meta_disable_footer":"","neve_meta_disable_title":"","ngg_post_thumbnail":0,"footnotes":""},"class_list":["post-130","page","type-page","status-publish","hentry"],"_links":{"self":[{"href":"https:\/\/www.lxelectriccars.com\/bs\/wp-json\/wp\/v2\/pages\/130","targetHints":{"allow":["GET"]}}],"collection":[{"href":"https:\/\/www.lxelectriccars.com\/bs\/wp-json\/wp\/v2\/pages"}],"about":[{"href":"https:\/\/www.lxelectriccars.com\/bs\/wp-json\/wp\/v2\/types\/page"}],"author":[{"embeddable":true,"href":"https:\/\/www.lxelectriccars.com\/bs\/wp-json\/wp\/v2\/users\/1"}],"replies":[{"embeddable":true,"href":"https:\/\/www.lxelectriccars.com\/bs\/wp-json\/wp\/v2\/comments?post=130"}],"version-history":[{"count":8,"href":"https:\/\/www.lxelectriccars.com\/bs\/wp-json\/wp\/v2\/pages\/130\/revisions"}],"predecessor-version":[{"id":208,"href":"https:\/\/www.lxelectriccars.com\/bs\/wp-json\/wp\/v2\/pages\/130\/revisions\/208"}],"wp:attachment":[{"href":"https:\/\/www.lxelectriccars.com\/bs\/wp-json\/wp\/v2\/media?parent=130"}],"curies":[{"name":"wp","href":"https:\/\/api.w.org\/{rel}","templated":true}]}}