{"id":130,"date":"2023-08-27T14:20:50","date_gmt":"2023-08-27T06:20:50","guid":{"rendered":"https:\/\/www.lxelectriccars.com\/?page_id=130"},"modified":"2023-08-27T18:20:50","modified_gmt":"2023-08-27T10:20:50","slug":"about","status":"publish","type":"page","link":"https:\/\/www.lxelectriccars.com\/ca\/","title":{"rendered":"Sobre"},"content":{"rendered":"<p><img loading=\"lazy\" decoding=\"async\" class=\"size-full wp-image-138 aligncenter\" src=\"http:\/\/www.lxelectriccars.com\/wp-content\/uploads\/2023\/08\/banner-of-electric-cars.jpg\" alt=\"banner de cotxes el\u00e8ctrics\" width=\"800\" height=\"534\" srcset=\"https:\/\/www.lxelectriccars.com\/wp-content\/uploads\/2023\/08\/banner-of-electric-cars.jpg 800w, https:\/\/www.lxelectriccars.com\/wp-content\/uploads\/2023\/08\/banner-of-electric-cars-300x200.jpg 300w, https:\/\/www.lxelectriccars.com\/wp-content\/uploads\/2023\/08\/banner-of-electric-cars-768x513.jpg 768w\" sizes=\"auto, (max-width: 800px) 100vw, 800px\" \/><\/p>\n<p>Som un pioner en la ind\u00fastria dels cotxes el\u00e8ctrics, redefinint la tecnologia de l'autom\u00f2bil amb els nostres cotxes el\u00e8ctrics innovadors. Amb una ferma convicci\u00f3 en la sostenibilitat i la innovaci\u00f3, estem impulsant la transformaci\u00f3 cap a un futur m\u00e9s verd.<\/p>\n<h3>La nostra visi\u00f3<\/h3>\n<p>La nostra visi\u00f3 \u00e9s revolucionar la ind\u00fastria del transport convencional introduint vehicles el\u00e8ctrics assequibles i d'alta qualitat. Ens imaginem un m\u00f3n on el transport ja no contribueixi a la degradaci\u00f3 mediambiental, sin\u00f3 que sigui una soluci\u00f3.<\/p>\n<h3>La nostra oferta<\/h3>\n<p>La nostra gamma de productes \u00e9s diversa, des de cotxes compactes per a l'\u00fas quotidi\u00e0 fins a vehicles comercials per a empreses. Cada un dels nostres cotxes \u00e9s un testimoni del nostre comprom\u00eds amb la qualitat, la innovaci\u00f3 i la sostenibilitat. Els nostres cotxes el\u00e8ctrics ofereixen nombrosos avantatges respecte als vehicles tradicionals, incloent-hi costos d'explotaci\u00f3 i manteniment m\u00e9s baixos, emissions zero i una experi\u00e8ncia de conducci\u00f3 m\u00e9s silenciosa i suau.<\/p>\n<h3>Les nostres innovacions<\/h3>\n<p>Estem impulsant cont\u00ednuament els l\u00edmits del que \u00e9s possible en la tecnologia dels vehicles el\u00e8ctrics. Els nostres equips treballen activament en aven\u00e7os en la longevitat de la bateria, la velocitat de c\u00e0rrega i les capacitats de conducci\u00f3 aut\u00f2noma.<\/p>\n<h3>Desenvolupament d'infraestructures<\/h3>\n<p>Reconeixent la necessitat d'infraestructures de suport, estem invertint en el desenvolupament d'estacions de c\u00e0rrega per a vehicles el\u00e8ctrics a tot el pa\u00eds. El nostre objectiu \u00e9s assegurar que posseir i utilitzar un vehicle el\u00e8ctric sigui tan c\u00f2mode com un de convencional.<\/p>\n<h3>Reconeixement<\/h3>\n<p>Els nostres esfor\u00e7os no han passat desapercebuts. Hem rebut reconeixements d'organismes del sector pels nostres dissenys innovadors i la nostra tecnologia d'avantguarda.<\/p>\n<h3>El futur<\/h3>\n<p>Estem entusiasmats amb el futur. A mesura que continuem innovant i creixent, creiem que l'adopci\u00f3 generalitzada dels cotxes el\u00e8ctrics no nom\u00e9s \u00e9s possible, sin\u00f3 inevitable. En conclusi\u00f3, som m\u00e9s que una simple empresa d'autom\u00f2bils. Som un equip de visionaris, innovadors i guardians del medi ambient, dedicats a crear un futur sostenible. De cara al futur, estem compromesos a continuar la nostra missi\u00f3 de transformar el transport. Estem entusiasmats amb les possibilitats que ofereixen els aven\u00e7os en tecnologia de bateries, la conducci\u00f3 aut\u00f2noma i les energies renovables, les estacions de c\u00e0rrega per a vehicles el\u00e8ctrics, i ens comprometem a integrar aquests desenvolupaments en els nostres futurs models. El nostre objectiu no \u00e9s nom\u00e9s produir vehicles el\u00e8ctrics, sin\u00f3 crear un ecosistema de transport sostenible que benefici\u00ef tothom.<\/p>","protected":false},"excerpt":{"rendered":"<p>we are a pioneer in the electric cars industry, is redefining automobile technology with its ground-breaking electric cars. With a firm belief in sustainability and innovation, we are driving the transformation towards a greener future. Our Vision Our vision is to disrupt the conventional transportation industry by introducing affordable, high-quality electric vehicles. We envision a&hellip;&nbsp;<a href=\"https:\/\/www.lxelectriccars.com\/ca\/\" class=\"\" rel=\"bookmark\">Llegiu m\u00e9s &raquo;<span class=\"screen-reader-text\">Sobre<\/span><\/a><\/p>","protected":false},"author":1,"featured_media":0,"parent":0,"menu_order":0,"comment_status":"closed","ping_status":"closed","template":"","meta":{"_seopress_robots_primary_cat":"","neve_meta_sidebar":"","neve_meta_container":"","neve_meta_enable_content_width":"off","neve_meta_content_width":100,"neve_meta_title_alignment":"","neve_meta_author_avatar":"","neve_post_elements_order":"","neve_meta_disable_header":"","neve_meta_disable_footer":"","neve_meta_disable_title":"","ngg_post_thumbnail":0,"footnotes":""},"class_list":["post-130","page","type-page","status-publish","hentry"],"_links":{"self":[{"href":"https:\/\/www.lxelectriccars.com\/ca\/wp-json\/wp\/v2\/pages\/130","targetHints":{"allow":["GET"]}}],"collection":[{"href":"https:\/\/www.lxelectriccars.com\/ca\/wp-json\/wp\/v2\/pages"}],"about":[{"href":"https:\/\/www.lxelectriccars.com\/ca\/wp-json\/wp\/v2\/types\/page"}],"author":[{"embeddable":true,"href":"https:\/\/www.lxelectriccars.com\/ca\/wp-json\/wp\/v2\/users\/1"}],"replies":[{"embeddable":true,"href":"https:\/\/www.lxelectriccars.com\/ca\/wp-json\/wp\/v2\/comments?post=130"}],"version-history":[{"count":8,"href":"https:\/\/www.lxelectriccars.com\/ca\/wp-json\/wp\/v2\/pages\/130\/revisions"}],"predecessor-version":[{"id":208,"href":"https:\/\/www.lxelectriccars.com\/ca\/wp-json\/wp\/v2\/pages\/130\/revisions\/208"}],"wp:attachment":[{"href":"https:\/\/www.lxelectriccars.com\/ca\/wp-json\/wp\/v2\/media?parent=130"}],"curies":[{"name":"wp","href":"https:\/\/api.w.org\/{rel}","templated":true}]}}