{"id":130,"date":"2023-08-27T14:20:50","date_gmt":"2023-08-27T06:20:50","guid":{"rendered":"https:\/\/www.lxelectriccars.com\/?page_id=130"},"modified":"2023-08-27T18:20:50","modified_gmt":"2023-08-27T10:20:50","slug":"about","status":"publish","type":"page","link":"https:\/\/www.lxelectriccars.com\/da\/","title":{"rendered":"om"},"content":{"rendered":"<p><img loading=\"lazy\" decoding=\"async\" class=\"size-full wp-image-138 aligncenter\" src=\"http:\/\/www.lxelectriccars.com\/wp-content\/uploads\/2023\/08\/banner-of-electric-cars.jpg\" alt=\"banner for elbiler\" width=\"800\" height=\"534\" srcset=\"https:\/\/www.lxelectriccars.com\/wp-content\/uploads\/2023\/08\/banner-of-electric-cars.jpg 800w, https:\/\/www.lxelectriccars.com\/wp-content\/uploads\/2023\/08\/banner-of-electric-cars-300x200.jpg 300w, https:\/\/www.lxelectriccars.com\/wp-content\/uploads\/2023\/08\/banner-of-electric-cars-768x513.jpg 768w\" sizes=\"auto, (max-width: 800px) 100vw, 800px\" \/><\/p>\n<p>Vi er en pioner inden for elbilindustrien og redefinerer bilteknologi med vores banebrydende elbiler. Med en fast tro p\u00e5 b\u00e6redygtighed og innovation driver vi transformationen mod en gr\u00f8nnere fremtid.<\/p>\n<h3>Vores vision<\/h3>\n<p>Vores vision er at forstyrre den konventionelle transportindustri ved at introducere elektriske k\u00f8ret\u00f8jer af h\u00f8j kvalitet til en overkommelig pris. Vi forestiller os en verden, hvor transport ikke l\u00e6ngere bidrager til milj\u00f8forringelse, men er en l\u00f8sning p\u00e5 det.<\/p>\n<h3>Vores tilbud<\/h3>\n<p>Vores produktsortiment er mangfoldigt og sp\u00e6nder fra kompakte biler til hverdagsbrug til erhvervsk\u00f8ret\u00f8jer til virksomheder. Hver af vores biler er et bevis p\u00e5 vores engagement i kvalitet, innovation og b\u00e6redygtighed. Vores elbiler har mange fordele i forhold til traditionelle k\u00f8ret\u00f8jer, herunder lavere drifts- og vedligeholdelsesomkostninger, nul emissioner og en mere st\u00f8jsvag og j\u00e6vn k\u00f8reoplevelse.<\/p>\n<h3>Vores innovationer<\/h3>\n<p>Vi skubber hele tiden gr\u00e6nserne for, hvad der er muligt inden for elbilteknologi. Vores teams arbejder aktivt p\u00e5 fremskridt inden for batterilevetid, opladningshastighed og selvk\u00f8rende funktioner.<\/p>\n<h3>Udvikling af infrastruktur<\/h3>\n<p>Vi anerkender behovet for underst\u00f8ttende infrastruktur og investerer i udviklingen af ladestationer til elbiler over hele landet. Vores m\u00e5l er at sikre, at det er lige s\u00e5 nemt at eje og bruge en elbil som en almindelig bil.<\/p>\n<h3>Anerkendelse<\/h3>\n<p>Vores indsats er ikke g\u00e5et ubem\u00e6rket hen. Vi har modtaget anerkendelser fra brancheorganisationer for vores innovative design og banebrydende teknologi.<\/p>\n<h3>Fremtiden<\/h3>\n<p>Vi er begejstrede for fremtiden. I takt med at vi forts\u00e6tter med at innovere og vokse, tror vi p\u00e5, at udbredelsen af elbiler ikke bare er mulig, men uundg\u00e5elig.Afslutningsvis er vi mere end bare et bilfirma. Vi er et team af vision\u00e6rer, innovat\u00f8rer og milj\u00f8forvaltere, der er dedikeret til at skabe en b\u00e6redygtig fremtid. N\u00e5r vi ser p\u00e5 fremtiden, er vi forpligtet til at forts\u00e6tte vores mission med at transformere transport. Vi er begejstrede for de muligheder, som fremskridt inden for batteriteknologi, autonom k\u00f8rsel, vedvarende energi og ladestationer til elbiler giver, og vi er fast besluttet p\u00e5 at integrere disse udviklinger i vores fremtidige modeller. Vores m\u00e5l er ikke kun at producere elbiler, men at skabe et b\u00e6redygtigt transport\u00f8kosystem, der er til gavn for alle.<\/p>","protected":false},"excerpt":{"rendered":"<p>we are a pioneer in the electric cars industry, is redefining automobile technology with its ground-breaking electric cars. With a firm belief in sustainability and innovation, we are driving the transformation towards a greener future. Our Vision Our vision is to disrupt the conventional transportation industry by introducing affordable, high-quality electric vehicles. We envision a&hellip;&nbsp;<a href=\"https:\/\/www.lxelectriccars.com\/da\/\" class=\"\" rel=\"bookmark\">L\u00e6s mere &raquo;<span class=\"screen-reader-text\">om<\/span><\/a><\/p>","protected":false},"author":1,"featured_media":0,"parent":0,"menu_order":0,"comment_status":"closed","ping_status":"closed","template":"","meta":{"_seopress_robots_primary_cat":"","neve_meta_sidebar":"","neve_meta_container":"","neve_meta_enable_content_width":"off","neve_meta_content_width":100,"neve_meta_title_alignment":"","neve_meta_author_avatar":"","neve_post_elements_order":"","neve_meta_disable_header":"","neve_meta_disable_footer":"","neve_meta_disable_title":"","ngg_post_thumbnail":0,"footnotes":""},"class_list":["post-130","page","type-page","status-publish","hentry"],"_links":{"self":[{"href":"https:\/\/www.lxelectriccars.com\/da\/wp-json\/wp\/v2\/pages\/130","targetHints":{"allow":["GET"]}}],"collection":[{"href":"https:\/\/www.lxelectriccars.com\/da\/wp-json\/wp\/v2\/pages"}],"about":[{"href":"https:\/\/www.lxelectriccars.com\/da\/wp-json\/wp\/v2\/types\/page"}],"author":[{"embeddable":true,"href":"https:\/\/www.lxelectriccars.com\/da\/wp-json\/wp\/v2\/users\/1"}],"replies":[{"embeddable":true,"href":"https:\/\/www.lxelectriccars.com\/da\/wp-json\/wp\/v2\/comments?post=130"}],"version-history":[{"count":8,"href":"https:\/\/www.lxelectriccars.com\/da\/wp-json\/wp\/v2\/pages\/130\/revisions"}],"predecessor-version":[{"id":208,"href":"https:\/\/www.lxelectriccars.com\/da\/wp-json\/wp\/v2\/pages\/130\/revisions\/208"}],"wp:attachment":[{"href":"https:\/\/www.lxelectriccars.com\/da\/wp-json\/wp\/v2\/media?parent=130"}],"curies":[{"name":"wp","href":"https:\/\/api.w.org\/{rel}","templated":true}]}}