{"id":130,"date":"2023-08-27T14:20:50","date_gmt":"2023-08-27T06:20:50","guid":{"rendered":"https:\/\/www.lxelectriccars.com\/?page_id=130"},"modified":"2023-08-27T18:20:50","modified_gmt":"2023-08-27T10:20:50","slug":"about","status":"publish","type":"page","link":"https:\/\/www.lxelectriccars.com\/de_at\/","title":{"rendered":"\u00fcber"},"content":{"rendered":"<p><img loading=\"lazy\" decoding=\"async\" class=\"size-full wp-image-138 aligncenter\" src=\"http:\/\/www.lxelectriccars.com\/wp-content\/uploads\/2023\/08\/banner-of-electric-cars.jpg\" alt=\"Banner f\u00fcr Elektroautos\" width=\"800\" height=\"534\" srcset=\"https:\/\/www.lxelectriccars.com\/wp-content\/uploads\/2023\/08\/banner-of-electric-cars.jpg 800w, https:\/\/www.lxelectriccars.com\/wp-content\/uploads\/2023\/08\/banner-of-electric-cars-300x200.jpg 300w, https:\/\/www.lxelectriccars.com\/wp-content\/uploads\/2023\/08\/banner-of-electric-cars-768x513.jpg 768w\" sizes=\"auto, (max-width: 800px) 100vw, 800px\" \/><\/p>\n<p>Wir sind ein Pionier in der Elektroautoindustrie und definieren die Automobiltechnologie mit unseren bahnbrechenden Elektroautos neu. Mit unserem festen Glauben an Nachhaltigkeit und Innovation treiben wir den Wandel hin zu einer gr\u00fcneren Zukunft voran.<\/p>\n<h3>Unsere Vision<\/h3>\n<p>Unsere Vision ist es, die konventionelle Transportindustrie durch die Einf\u00fchrung erschwinglicher, hochwertiger Elektrofahrzeuge zu ver\u00e4ndern. Wir stellen uns eine Welt vor, in der der Verkehr nicht mehr zur Umweltzerst\u00f6rung beitr\u00e4gt, sondern eine L\u00f6sung daf\u00fcr ist.<\/p>\n<h3>Unser Angebot<\/h3>\n<p>Unsere Produktpalette ist vielf\u00e4ltig und reicht von Kleinwagen f\u00fcr den t\u00e4glichen Gebrauch bis hin zu Nutzfahrzeugen f\u00fcr Unternehmen. Unsere Elektroautos bieten zahlreiche Vorteile gegen\u00fcber herk\u00f6mmlichen Fahrzeugen, darunter niedrigere Betriebs- und Wartungskosten, keine Emissionen und ein leiseres, sanfteres Fahrgef\u00fchl.<\/p>\n<h3>Unsere Innovationen<\/h3>\n<p>Wir verschieben st\u00e4ndig die Grenzen dessen, was in der Elektroauto-Technologie m\u00f6glich ist. Unsere Teams arbeiten aktiv an Fortschritten bei der Langlebigkeit der Batterien, der Ladegeschwindigkeit und dem autonomen Fahren.<\/p>\n<h3>Entwicklung der Infrastruktur<\/h3>\n<p>Da wir die Notwendigkeit einer unterst\u00fctzenden Infrastruktur erkannt haben, investieren wir in die Entwicklung von Ladestationen f\u00fcr Elektroautos im ganzen Land. Unser Ziel ist es, sicherzustellen, dass der Besitz und Betrieb eines Elektroautos genauso bequem ist wie der eines herk\u00f6mmlichen Fahrzeugs.<\/p>\n<h3>Anerkennungen<\/h3>\n<p>Unsere Bem\u00fchungen sind nicht unbemerkt geblieben. Wir haben von Branchenverb\u00e4nden Auszeichnungen f\u00fcr unser innovatives Design und unsere Spitzentechnologie erhalten.<\/p>\n<h3>Die Zukunft<\/h3>\n<p>Wir sind gespannt auf die Zukunft. Wir glauben, dass die breite Einf\u00fchrung von Elektroautos nicht nur m\u00f6glich, sondern unvermeidlich ist, wenn wir weiter innovativ sind und wachsen. Wir sind ein Team von Vision\u00e4ren, Innovatoren und Umweltsch\u00fctzern, die sich der Schaffung einer nachhaltigen Zukunft verschrieben haben und sich auch in Zukunft daf\u00fcr einsetzen werden, den Verkehr zu ver\u00e4ndern. Wir sind begeistert von den M\u00f6glichkeiten, die die Fortschritte in der Batterietechnologie, beim autonomen Fahren und bei den erneuerbaren Energien sowie bei den Ladestationen f\u00fcr Elektroautos bieten, und setzen uns daf\u00fcr ein, diese Entwicklungen in unsere k\u00fcnftigen Modelle zu integrieren. Unser Ziel ist es nicht nur, Elektroautos zu produzieren, sondern ein nachhaltiges Transport-\u00d6kosystem zu schaffen, von dem alle profitieren.<\/p>","protected":false},"excerpt":{"rendered":"<p>we are a pioneer in the electric cars industry, is redefining automobile technology with its ground-breaking electric cars. With a firm belief in sustainability and innovation, we are driving the transformation towards a greener future. Our Vision Our vision is to disrupt the conventional transportation industry by introducing affordable, high-quality electric vehicles. We envision a&hellip;&nbsp;<a href=\"https:\/\/www.lxelectriccars.com\/de_at\/\" class=\"\" rel=\"bookmark\">Weiterlesen &raquo;<span class=\"screen-reader-text\">\u00fcber<\/span><\/a><\/p>","protected":false},"author":1,"featured_media":0,"parent":0,"menu_order":0,"comment_status":"closed","ping_status":"closed","template":"","meta":{"_seopress_robots_primary_cat":"","neve_meta_sidebar":"","neve_meta_container":"","neve_meta_enable_content_width":"off","neve_meta_content_width":100,"neve_meta_title_alignment":"","neve_meta_author_avatar":"","neve_post_elements_order":"","neve_meta_disable_header":"","neve_meta_disable_footer":"","neve_meta_disable_title":"","ngg_post_thumbnail":0,"footnotes":""},"class_list":["post-130","page","type-page","status-publish","hentry"],"_links":{"self":[{"href":"https:\/\/www.lxelectriccars.com\/de_at\/wp-json\/wp\/v2\/pages\/130","targetHints":{"allow":["GET"]}}],"collection":[{"href":"https:\/\/www.lxelectriccars.com\/de_at\/wp-json\/wp\/v2\/pages"}],"about":[{"href":"https:\/\/www.lxelectriccars.com\/de_at\/wp-json\/wp\/v2\/types\/page"}],"author":[{"embeddable":true,"href":"https:\/\/www.lxelectriccars.com\/de_at\/wp-json\/wp\/v2\/users\/1"}],"replies":[{"embeddable":true,"href":"https:\/\/www.lxelectriccars.com\/de_at\/wp-json\/wp\/v2\/comments?post=130"}],"version-history":[{"count":8,"href":"https:\/\/www.lxelectriccars.com\/de_at\/wp-json\/wp\/v2\/pages\/130\/revisions"}],"predecessor-version":[{"id":208,"href":"https:\/\/www.lxelectriccars.com\/de_at\/wp-json\/wp\/v2\/pages\/130\/revisions\/208"}],"wp:attachment":[{"href":"https:\/\/www.lxelectriccars.com\/de_at\/wp-json\/wp\/v2\/media?parent=130"}],"curies":[{"name":"wp","href":"https:\/\/api.w.org\/{rel}","templated":true}]}}