{"id":130,"date":"2023-08-27T14:20:50","date_gmt":"2023-08-27T06:20:50","guid":{"rendered":"https:\/\/www.lxelectriccars.com\/?page_id=130"},"modified":"2023-08-27T18:20:50","modified_gmt":"2023-08-27T10:20:50","slug":"about","status":"publish","type":"page","link":"https:\/\/www.lxelectriccars.com\/eo\/","title":{"rendered":"pri"},"content":{"rendered":"<p><img loading=\"lazy\" decoding=\"async\" class=\"size-full wp-image-138 aligncenter\" src=\"http:\/\/www.lxelectriccars.com\/wp-content\/uploads\/2023\/08\/banner-of-electric-cars.jpg\" alt=\"Standardo de elektraj a\u016dtoj\" width=\"800\" height=\"534\" srcset=\"https:\/\/www.lxelectriccars.com\/wp-content\/uploads\/2023\/08\/banner-of-electric-cars.jpg 800w, https:\/\/www.lxelectriccars.com\/wp-content\/uploads\/2023\/08\/banner-of-electric-cars-300x200.jpg 300w, https:\/\/www.lxelectriccars.com\/wp-content\/uploads\/2023\/08\/banner-of-electric-cars-768x513.jpg 768w\" sizes=\"auto, (max-width: 800px) 100vw, 800px\" \/><\/p>\n<p>Ni estas pioniro en la industrio de elektraj a\u016dtoj, redifinas a\u016dtomobilan teknologion per niaj pioniraj elektraj a\u016dtoj. Kun firma kredo je da\u016dripovo kaj novigado, ni anta\u016denpu\u015das la transformon al pli verda estonteco.<\/p>\n<h3>Nia Vizio<\/h3>\n<p>Nia vizio estas perturbi la konvencian transportan industrion per enkonduko de malmultekostaj, altkvalitaj elektraj veturiloj. Ni anta\u016dvidas mondon, kie transportado ne plu kontribuas al media degradado, sed estas \u011dia solvo.<\/p>\n<h3>Nia Propono<\/h3>\n<p>Nia produkta gamo estas diversa, intervalante de kompaktaj a\u016dtoj por \u0109iutaga uzo \u011dis komercaj veturiloj por entreprenoj. \u0108iu el niaj a\u016dtoj estas atesto pri nia sindedi\u0109o al kvalito, novigado kaj da\u016dripovo. Niaj elektraj a\u016dtoj ofertas multajn avanta\u011dojn kompare kun tradiciaj veturiloj, inkluzive de pli malaltaj funkciigaj kaj prizorgaj kostoj, nulaj emisioj kaj pli silenta, pli glata vetursperto.<\/p>\n<h3>Niaj Novigoj<\/h3>\n<p>Ni da\u016dre pu\u015das la limojn de tio, kio eblas en la teknologio de elektraj a\u016dtoj. Niaj teamoj aktive laboras pri plibonigoj de bateria vivda\u016dro, \u015dargada rapido kaj a\u016dtonomaj veturkapabloj.<\/p>\n<h3>Disvolvado de infrastrukturo<\/h3>\n<p>Rekonante la bezonon de subtena infrastrukturo, ni investas en la disvolvi\u011don de \u015dargostacioj por elektraj a\u016dtoj tra la tuta lando. Nia celo estas certigi, ke posedo kaj funkciado de elektraj a\u016dtoj estu tiel konvenaj kiel \u0109e konvenciaj a\u016dtoj.<\/p>\n<h3>Rekono<\/h3>\n<p>Niaj klopodoj ne restis nerimarkitaj. Ni ricevis la\u016ddojn de industriaj organiza\u0135oj pro niaj novigaj dezajnoj kaj avangarda teknologio.<\/p>\n<h3>La Estonteco<\/h3>\n<p>Ni entuziasmas pri la estonteco. Dum ni da\u016dre novigas kaj kreskas, ni kredas, ke la vasta adopto de elektraj a\u016dtoj ne estas nur ebla, sed neevitebla.Konklude, ni estas pli ol nur a\u016dtomobila kompanio. Ni estas teamo de vizionuloj, novigantoj kaj gardantoj de la medio, dedi\u0109itaj al kreado de da\u016dripova estonteco.Dum ni rigardas al la estonteco, ni estas enga\u011ditaj da\u016drigi nian mision transformi transportadon. Ni entuziasmi\u011das pri la eblecoj ofertataj de progresoj en bateria teknologio, a\u016dtonoma veturado, renovigebla energio kaj \u015dargostacioj por elektraj a\u016dtoj, kaj ni enga\u011di\u011das integri \u0109i tiujn evoluojn en niajn estontajn modelojn. Nia celo estas ne nur produkti elektrajn a\u016dtojn, sed krei da\u016drigeblan transportan ekosistemon, kiu profitigas \u0109iujn.<\/p>","protected":false},"excerpt":{"rendered":"<p>we are a pioneer in the electric cars industry, is redefining automobile technology with its ground-breaking electric cars. With a firm belief in sustainability and innovation, we are driving the transformation towards a greener future. Our Vision Our vision is to disrupt the conventional transportation industry by introducing affordable, high-quality electric vehicles. We envision a&hellip;&nbsp;<a href=\"https:\/\/www.lxelectriccars.com\/eo\/\" class=\"\" rel=\"bookmark\">Read More &raquo;<span class=\"screen-reader-text\">pri<\/span><\/a><\/p>","protected":false},"author":1,"featured_media":0,"parent":0,"menu_order":0,"comment_status":"closed","ping_status":"closed","template":"","meta":{"_seopress_robots_primary_cat":"","neve_meta_sidebar":"","neve_meta_container":"","neve_meta_enable_content_width":"off","neve_meta_content_width":100,"neve_meta_title_alignment":"","neve_meta_author_avatar":"","neve_post_elements_order":"","neve_meta_disable_header":"","neve_meta_disable_footer":"","neve_meta_disable_title":"","ngg_post_thumbnail":0,"footnotes":""},"class_list":["post-130","page","type-page","status-publish","hentry"],"_links":{"self":[{"href":"https:\/\/www.lxelectriccars.com\/eo\/wp-json\/wp\/v2\/pages\/130","targetHints":{"allow":["GET"]}}],"collection":[{"href":"https:\/\/www.lxelectriccars.com\/eo\/wp-json\/wp\/v2\/pages"}],"about":[{"href":"https:\/\/www.lxelectriccars.com\/eo\/wp-json\/wp\/v2\/types\/page"}],"author":[{"embeddable":true,"href":"https:\/\/www.lxelectriccars.com\/eo\/wp-json\/wp\/v2\/users\/1"}],"replies":[{"embeddable":true,"href":"https:\/\/www.lxelectriccars.com\/eo\/wp-json\/wp\/v2\/comments?post=130"}],"version-history":[{"count":8,"href":"https:\/\/www.lxelectriccars.com\/eo\/wp-json\/wp\/v2\/pages\/130\/revisions"}],"predecessor-version":[{"id":208,"href":"https:\/\/www.lxelectriccars.com\/eo\/wp-json\/wp\/v2\/pages\/130\/revisions\/208"}],"wp:attachment":[{"href":"https:\/\/www.lxelectriccars.com\/eo\/wp-json\/wp\/v2\/media?parent=130"}],"curies":[{"name":"wp","href":"https:\/\/api.w.org\/{rel}","templated":true}]}}