{"id":130,"date":"2023-08-27T14:20:50","date_gmt":"2023-08-27T06:20:50","guid":{"rendered":"https:\/\/www.lxelectriccars.com\/?page_id=130"},"modified":"2023-08-27T18:20:50","modified_gmt":"2023-08-27T10:20:50","slug":"about","status":"publish","type":"page","link":"https:\/\/www.lxelectriccars.com\/es\/","title":{"rendered":"acerca de"},"content":{"rendered":"<p><img loading=\"lazy\" decoding=\"async\" class=\"size-full wp-image-138 aligncenter\" src=\"http:\/\/www.lxelectriccars.com\/wp-content\/uploads\/2023\/08\/banner-of-electric-cars.jpg\" alt=\"bandera de los coches el\u00e9ctricos\" width=\"800\" height=\"534\" srcset=\"https:\/\/www.lxelectriccars.com\/wp-content\/uploads\/2023\/08\/banner-of-electric-cars.jpg 800w, https:\/\/www.lxelectriccars.com\/wp-content\/uploads\/2023\/08\/banner-of-electric-cars-300x200.jpg 300w, https:\/\/www.lxelectriccars.com\/wp-content\/uploads\/2023\/08\/banner-of-electric-cars-768x513.jpg 768w\" sizes=\"auto, (max-width: 800px) 100vw, 800px\" \/><\/p>\n<p>pionera en el sector de los coches el\u00e9ctricos, est\u00e1 redefiniendo la tecnolog\u00eda automovil\u00edstica con sus innovadores coches el\u00e9ctricos. Con una firme creencia en la sostenibilidad y la innovaci\u00f3n, impulsamos la transformaci\u00f3n hacia un futuro m\u00e1s ecol\u00f3gico.<\/p>\n<h3>Nuestra visi\u00f3n<\/h3>\n<p>Nuestra visi\u00f3n es trastornar la industria del transporte convencional introduciendo veh\u00edculos el\u00e9ctricos asequibles y de alta calidad. Imaginamos un mundo en el que el transporte ya no contribuya a la degradaci\u00f3n del medio ambiente, sino que sea una soluci\u00f3n.<\/p>\n<h3>Nuestra oferta<\/h3>\n<p>Nuestra gama de productos es muy variada: desde coches compactos para uso diario hasta veh\u00edculos comerciales para empresas. Nuestros coches el\u00e9ctricos ofrecen numerosas ventajas sobre los veh\u00edculos tradicionales, como unos costes de funcionamiento y mantenimiento m\u00e1s bajos, cero emisiones y una conducci\u00f3n m\u00e1s silenciosa y suave.<\/p>\n<h3>Nuestras innovaciones<\/h3>\n<p>Estamos continuamente ampliando los l\u00edmites de lo que es posible en la tecnolog\u00eda de los coches el\u00e9ctricos. Nuestros equipos trabajan activamente para mejorar la duraci\u00f3n de las bater\u00edas, la velocidad de carga y la conducci\u00f3n aut\u00f3noma.<\/p>\n<h3>Desarrollo de infraestructuras<\/h3>\n<p>Conscientes de la necesidad de infraestructuras de apoyo, estamos invirtiendo en el desarrollo de estaciones de recarga de coches el\u00e9ctricos en todo el pa\u00eds. Nuestro objetivo es garantizar que poseer y utilizar un coche el\u00e9ctrico sea tan c\u00f3modo como uno convencional.<\/p>\n<h3>Reconocimiento<\/h3>\n<p>Nuestros esfuerzos no han pasado desapercibidos. Hemos recibido elogios de organismos del sector por nuestros dise\u00f1os innovadores y tecnolog\u00eda punta.<\/p>\n<h3>El futuro<\/h3>\n<p>Estamos entusiasmados con el futuro. A medida que seguimos innovando y creciendo, creemos que la adopci\u00f3n generalizada de los coches el\u00e9ctricos no s\u00f3lo es posible, sino inevitable. Somos un equipo de visionarios, innovadores y respetuosos con el medio ambiente, dedicados a crear un futuro sostenible. Estamos entusiasmados con las posibilidades que ofrecen los avances en tecnolog\u00eda de bater\u00edas, conducci\u00f3n aut\u00f3noma y energ\u00edas renovables, estaciones de recarga de coches el\u00e9ctricos, y nos comprometemos a integrar estos avances en nuestros futuros modelos. Nuestro objetivo no es solo producir coches el\u00e9ctricos, sino crear un ecosistema de transporte sostenible que beneficie a todos.<\/p>","protected":false},"excerpt":{"rendered":"<p>we are a pioneer in the electric cars industry, is redefining automobile technology with its ground-breaking electric cars. With a firm belief in sustainability and innovation, we are driving the transformation towards a greener future. Our Vision Our vision is to disrupt the conventional transportation industry by introducing affordable, high-quality electric vehicles. We envision a&hellip;&nbsp;<a href=\"https:\/\/www.lxelectriccars.com\/es\/\" class=\"\" rel=\"bookmark\">Leer m\u00e1s &raquo;<span class=\"screen-reader-text\">acerca de<\/span><\/a><\/p>","protected":false},"author":1,"featured_media":0,"parent":0,"menu_order":0,"comment_status":"closed","ping_status":"closed","template":"","meta":{"_seopress_robots_primary_cat":"","neve_meta_sidebar":"","neve_meta_container":"","neve_meta_enable_content_width":"off","neve_meta_content_width":100,"neve_meta_title_alignment":"","neve_meta_author_avatar":"","neve_post_elements_order":"","neve_meta_disable_header":"","neve_meta_disable_footer":"","neve_meta_disable_title":"","ngg_post_thumbnail":0,"footnotes":""},"class_list":["post-130","page","type-page","status-publish","hentry"],"_links":{"self":[{"href":"https:\/\/www.lxelectriccars.com\/es\/wp-json\/wp\/v2\/pages\/130","targetHints":{"allow":["GET"]}}],"collection":[{"href":"https:\/\/www.lxelectriccars.com\/es\/wp-json\/wp\/v2\/pages"}],"about":[{"href":"https:\/\/www.lxelectriccars.com\/es\/wp-json\/wp\/v2\/types\/page"}],"author":[{"embeddable":true,"href":"https:\/\/www.lxelectriccars.com\/es\/wp-json\/wp\/v2\/users\/1"}],"replies":[{"embeddable":true,"href":"https:\/\/www.lxelectriccars.com\/es\/wp-json\/wp\/v2\/comments?post=130"}],"version-history":[{"count":8,"href":"https:\/\/www.lxelectriccars.com\/es\/wp-json\/wp\/v2\/pages\/130\/revisions"}],"predecessor-version":[{"id":208,"href":"https:\/\/www.lxelectriccars.com\/es\/wp-json\/wp\/v2\/pages\/130\/revisions\/208"}],"wp:attachment":[{"href":"https:\/\/www.lxelectriccars.com\/es\/wp-json\/wp\/v2\/media?parent=130"}],"curies":[{"name":"wp","href":"https:\/\/api.w.org\/{rel}","templated":true}]}}