{"id":130,"date":"2023-08-27T14:20:50","date_gmt":"2023-08-27T06:20:50","guid":{"rendered":"https:\/\/www.lxelectriccars.com\/?page_id=130"},"modified":"2023-08-27T18:20:50","modified_gmt":"2023-08-27T10:20:50","slug":"about","status":"publish","type":"page","link":"https:\/\/www.lxelectriccars.com\/et\/","title":{"rendered":"kohta"},"content":{"rendered":"<p><img loading=\"lazy\" decoding=\"async\" class=\"size-full wp-image-138 aligncenter\" src=\"http:\/\/www.lxelectriccars.com\/wp-content\/uploads\/2023\/08\/banner-of-electric-cars.jpg\" alt=\"elektriautode lipulaev\" width=\"800\" height=\"534\" srcset=\"https:\/\/www.lxelectriccars.com\/wp-content\/uploads\/2023\/08\/banner-of-electric-cars.jpg 800w, https:\/\/www.lxelectriccars.com\/wp-content\/uploads\/2023\/08\/banner-of-electric-cars-300x200.jpg 300w, https:\/\/www.lxelectriccars.com\/wp-content\/uploads\/2023\/08\/banner-of-electric-cars-768x513.jpg 768w\" sizes=\"auto, (max-width: 800px) 100vw, 800px\" \/><\/p>\n<p>oleme elektriautode t\u00f6\u00f6stuse teerajaja, mis oma teedrajavate elektriautodega m\u00e4\u00e4ratleb autotehnoloogia uuesti. Usaldades kindlalt j\u00e4tkusuutlikkusse ja innovatsiooni, edendame muutusi keskkonnas\u00e4\u00e4stlikuma tuleviku suunas.<\/p>\n<h3>Meie visioon<\/h3>\n<p>Meie visioon on h\u00e4irida tavap\u00e4rast transpordit\u00f6\u00f6stust, tuues turule taskukohased ja kvaliteetsed elektris\u00f5idukid. Kujutame ette maailma, kus transport ei ole enam keskkonnaseisundi halvenemise p\u00f5hjustaja, vaid selle lahendus.<\/p>\n<h3>Meie pakkumine<\/h3>\n<p>Meie tootevalik on mitmekesine, ulatudes igap\u00e4evaseks kasutamiseks m\u00f5eldud v\u00e4ikeautodest kuni ettev\u00f5tetele m\u00f5eldud tarbes\u00f5idukiteni. Iga meie auto on tunnistus meie p\u00fchendumusest kvaliteedile, innovatsioonile ja j\u00e4tkusuutlikkusele.Meie elektriautod pakuvad traditsiooniliste s\u00f5idukite ees mitmeid eeliseid, sealhulgas v\u00e4iksemaid jooksvaid ja hoolduskulusid, null emissiooni ning vaiksemat ja sujuvamat s\u00f5iduelamust.<\/p>\n<h3>Meie uuendused<\/h3>\n<p>Me laiendame pidevalt elektriautode tehnoloogia v\u00f5imaluste piire. Meie meeskonnad t\u00f6\u00f6tavad aktiivselt akude pikaealisuse, laadimiskiiruse ja autonoomse s\u00f5idu v\u00f5imekuse t\u00e4iustamise kallal.<\/p>\n<h3>Infrastruktuuri arendamine<\/h3>\n<p>Tunnistades vajadust toetava infrastruktuuri j\u00e4rele, investeerime kogu riigis elektriautode laadimisjaamade arendamisse. Meie eesm\u00e4rk on tagada, et elektriautode omamine ja kasutamine oleks sama mugav kui tavaliste autode omamine ja kasutamine.<\/p>\n<h3>Tunnustus<\/h3>\n<p>Meie j\u00f5upingutused ei ole j\u00e4\u00e4nud m\u00e4rkamatuks. Me oleme saanud tunnustusi t\u00f6\u00f6stusasutustelt oma uuendusliku disaini ja tipptasemel tehnoloogia eest.<\/p>\n<h3>Tulevik<\/h3>\n<p>Oleme tuleviku suhtes p\u00f5nevil. Kuna me j\u00e4tkame innovatsiooni ja kasvu, siis usume, et elektriautode laialdane kasutuselev\u00f5tt ei ole mitte ainult v\u00f5imalik, vaid paratamatu.Kokkuv\u00f5ttes oleme rohkem kui lihtsalt autoettev\u00f5te. Me oleme vision\u00e4\u00e4ride, uuendajate ja keskkonnahoidjate meeskond, kes on p\u00fchendunud j\u00e4tkusuutliku tuleviku loomisele.Tulevikku vaadates oleme p\u00fchendunud oma missiooni j\u00e4tkamisele, et muuta transporti. Oleme p\u00f5nevil v\u00f5imalustest, mida pakuvad akutehnoloogia, autonoomse s\u00f5idu ja taastuvenergia, elektriautode laadimisjaamade arengud, ning oleme p\u00fchendunud nende arengute integreerimisele meie tulevikumudelitesse. Meie eesm\u00e4rk ei ole mitte ainult toota elektriautosid, vaid luua j\u00e4tkusuutlik transpordi \u00f6kos\u00fcsteem, mis toob kasu k\u00f5igile.<\/p>","protected":false},"excerpt":{"rendered":"<p>oleme elektriautode t\u00f6\u00f6stuse teerajaja, mis oma teedrajavate elektriautodega m\u00e4\u00e4ratleb autotehnoloogia uuesti. Usaldades kindlalt j\u00e4tkusuutlikkusse ja innovatsiooni, edendame muutusi keskkonnas\u00e4\u00e4stlikuma tuleviku suunas. Meie visioon Meie visioon on h\u00e4irida tavap\u00e4rast transpordit\u00f6\u00f6stust, tuues turule taskukohased ja kvaliteetsed elektriautod. Me n\u00e4eme ette...&nbsp;<a href=\"https:\/\/www.lxelectriccars.com\/et\/\" class=\"\" rel=\"bookmark\">Loe edasi \u00bb<span class=\"screen-reader-text\">kohta<\/span><\/a><\/p>","protected":false},"author":1,"featured_media":0,"parent":0,"menu_order":0,"comment_status":"closed","ping_status":"closed","template":"","meta":{"_seopress_robots_primary_cat":"","neve_meta_sidebar":"","neve_meta_container":"","neve_meta_enable_content_width":"off","neve_meta_content_width":100,"neve_meta_title_alignment":"","neve_meta_author_avatar":"","neve_post_elements_order":"","neve_meta_disable_header":"","neve_meta_disable_footer":"","neve_meta_disable_title":"","ngg_post_thumbnail":0,"footnotes":""},"class_list":["post-130","page","type-page","status-publish","hentry"],"_links":{"self":[{"href":"https:\/\/www.lxelectriccars.com\/et\/wp-json\/wp\/v2\/pages\/130","targetHints":{"allow":["GET"]}}],"collection":[{"href":"https:\/\/www.lxelectriccars.com\/et\/wp-json\/wp\/v2\/pages"}],"about":[{"href":"https:\/\/www.lxelectriccars.com\/et\/wp-json\/wp\/v2\/types\/page"}],"author":[{"embeddable":true,"href":"https:\/\/www.lxelectriccars.com\/et\/wp-json\/wp\/v2\/users\/1"}],"replies":[{"embeddable":true,"href":"https:\/\/www.lxelectriccars.com\/et\/wp-json\/wp\/v2\/comments?post=130"}],"version-history":[{"count":8,"href":"https:\/\/www.lxelectriccars.com\/et\/wp-json\/wp\/v2\/pages\/130\/revisions"}],"predecessor-version":[{"id":208,"href":"https:\/\/www.lxelectriccars.com\/et\/wp-json\/wp\/v2\/pages\/130\/revisions\/208"}],"wp:attachment":[{"href":"https:\/\/www.lxelectriccars.com\/et\/wp-json\/wp\/v2\/media?parent=130"}],"curies":[{"name":"wp","href":"https:\/\/api.w.org\/{rel}","templated":true}]}}