{"id":130,"date":"2023-08-27T14:20:50","date_gmt":"2023-08-27T06:20:50","guid":{"rendered":"https:\/\/www.lxelectriccars.com\/?page_id=130"},"modified":"2023-08-27T18:20:50","modified_gmt":"2023-08-27T10:20:50","slug":"about","status":"publish","type":"page","link":"https:\/\/www.lxelectriccars.com\/fi\/","title":{"rendered":"Tietoja"},"content":{"rendered":"<p><img loading=\"lazy\" decoding=\"async\" class=\"size-full wp-image-138 aligncenter\" src=\"http:\/\/www.lxelectriccars.com\/wp-content\/uploads\/2023\/08\/banner-of-electric-cars.jpg\" alt=\"s\u00e4hk\u00f6autojen banneri\" width=\"800\" height=\"534\" srcset=\"https:\/\/www.lxelectriccars.com\/wp-content\/uploads\/2023\/08\/banner-of-electric-cars.jpg 800w, https:\/\/www.lxelectriccars.com\/wp-content\/uploads\/2023\/08\/banner-of-electric-cars-300x200.jpg 300w, https:\/\/www.lxelectriccars.com\/wp-content\/uploads\/2023\/08\/banner-of-electric-cars-768x513.jpg 768w\" sizes=\"auto, (max-width: 800px) 100vw, 800px\" \/><\/p>\n<p>olemme s\u00e4hk\u00f6autoteollisuuden edell\u00e4k\u00e4vij\u00e4, joka m\u00e4\u00e4rittelee uudelleen autoteknologian uraauurtavilla s\u00e4hk\u00f6autoillaan. Uskomme vakaasti kest\u00e4vyyteen ja innovaatioihin, ja edist\u00e4mme muutosta kohti vihre\u00e4mp\u00e4\u00e4 tulevaisuutta.<\/p>\n<h3>Visiomme<\/h3>\n<p>Visiomme on mullistaa perinteinen kuljetusteollisuus tuomalla markkinoille kohtuuhintaisia ja korkealaatuisia s\u00e4hk\u00f6ajoneuvoja. Visioimme maailmaa, jossa liikenne ei ole en\u00e4\u00e4 ymp\u00e4rist\u00f6n pilaantumisen aiheuttaja vaan ratkaisu siihen.<\/p>\n<h3>Tarjouksemme<\/h3>\n<p>Tuotevalikoimamme on monipuolinen, ja se ulottuu jokap\u00e4iv\u00e4iseen k\u00e4ytt\u00f6\u00f6n tarkoitetuista pienist\u00e4 henkil\u00f6autoista yrityksille tarkoitettuihin hy\u00f6tyajoneuvoihin. Jokainen automme on osoitus sitoutumisestamme laatuun, innovaatioihin ja kest\u00e4v\u00e4\u00e4n kehitykseen.S\u00e4hk\u00f6automme tarjoavat lukuisia etuja perinteisiin ajoneuvoihin verrattuna, kuten alhaisemmat k\u00e4ytt\u00f6- ja huoltokustannukset, p\u00e4\u00e4st\u00f6tt\u00f6myys sek\u00e4 hiljaisempi ja tasaisempi ajokokemus.<\/p>\n<h3>Innovaatiomme<\/h3>\n<p>Laajennamme jatkuvasti s\u00e4hk\u00f6autoteknologian mahdollisia rajoja. Tiimimme ty\u00f6skentelev\u00e4t aktiivisesti akkujen pitk\u00e4ik\u00e4isyyden, latausnopeuden ja autonomisen ajamisen edist\u00e4miseksi.<\/p>\n<h3>Infrastruktuurin kehitt\u00e4minen<\/h3>\n<p>Tunnustamme tuki-infrastruktuurin tarpeen ja investoimme s\u00e4hk\u00f6autojen latausasemien kehitt\u00e4miseen eri puolilla maata. Tavoitteenamme on varmistaa, ett\u00e4 s\u00e4hk\u00f6auton omistaminen ja k\u00e4ytt\u00e4minen on yht\u00e4 k\u00e4tev\u00e4\u00e4 kuin perinteisen auton.<\/p>\n<h3>Tunnustus<\/h3>\n<p>Ponnistuksemme eiv\u00e4t ole j\u00e4\u00e4neet huomaamatta. Olemme saaneet alan elimilt\u00e4 tunnustusta innovatiivisesta suunnittelusta ja huipputeknologiasta.<\/p>\n<h3>Tulevaisuus<\/h3>\n<p>Olemme innoissamme tulevaisuudesta. Kun jatkamme innovointia ja kasvua, uskomme, ett\u00e4 s\u00e4hk\u00f6autojen laajamittainen k\u00e4ytt\u00f6\u00f6notto ei ole vain mahdollista vaan v\u00e4ist\u00e4m\u00e4t\u00f6nt\u00e4.Olemme siis muutakin kuin pelkk\u00e4 autoyhti\u00f6. Olemme tiimi vision\u00e4\u00e4rej\u00e4, innovaattoreita ja ymp\u00e4rist\u00f6nsuojelijoita, jotka ovat omistautuneet luomaan kest\u00e4v\u00e4\u00e4 tulevaisuutta.Kun katsomme tulevaisuuteen, olemme sitoutuneet jatkamaan teht\u00e4vi\u00e4mme liikenteen muuttamiseksi. Olemme innoissamme mahdollisuuksista, joita akkuteknologian, autonomisen ajamisen, uusiutuvan energian ja s\u00e4hk\u00f6autojen latausasemien kehittyminen tarjoaa, ja olemme sitoutuneet sis\u00e4llytt\u00e4m\u00e4\u00e4n n\u00e4m\u00e4 kehityskohteet tuleviin malleihimme. Tavoitteenamme ei ole vain tuottaa s\u00e4hk\u00f6autoja vaan luoda kest\u00e4v\u00e4 liikenneekosysteemi, josta kaikki hy\u00f6tyv\u00e4t.<\/p>","protected":false},"excerpt":{"rendered":"<p>we are a pioneer in the electric cars industry, is redefining automobile technology with its ground-breaking electric cars. With a firm belief in sustainability and innovation, we are driving the transformation towards a greener future. Our Vision Our vision is to disrupt the conventional transportation industry by introducing affordable, high-quality electric vehicles. We envision a&hellip;&nbsp;<a href=\"https:\/\/www.lxelectriccars.com\/fi\/\" class=\"\" rel=\"bookmark\">Lue lis\u00e4\u00e4 &raquo;<span class=\"screen-reader-text\">Tietoja<\/span><\/a><\/p>","protected":false},"author":1,"featured_media":0,"parent":0,"menu_order":0,"comment_status":"closed","ping_status":"closed","template":"","meta":{"_seopress_robots_primary_cat":"","neve_meta_sidebar":"","neve_meta_container":"","neve_meta_enable_content_width":"off","neve_meta_content_width":100,"neve_meta_title_alignment":"","neve_meta_author_avatar":"","neve_post_elements_order":"","neve_meta_disable_header":"","neve_meta_disable_footer":"","neve_meta_disable_title":"","ngg_post_thumbnail":0,"footnotes":""},"class_list":["post-130","page","type-page","status-publish","hentry"],"_links":{"self":[{"href":"https:\/\/www.lxelectriccars.com\/fi\/wp-json\/wp\/v2\/pages\/130","targetHints":{"allow":["GET"]}}],"collection":[{"href":"https:\/\/www.lxelectriccars.com\/fi\/wp-json\/wp\/v2\/pages"}],"about":[{"href":"https:\/\/www.lxelectriccars.com\/fi\/wp-json\/wp\/v2\/types\/page"}],"author":[{"embeddable":true,"href":"https:\/\/www.lxelectriccars.com\/fi\/wp-json\/wp\/v2\/users\/1"}],"replies":[{"embeddable":true,"href":"https:\/\/www.lxelectriccars.com\/fi\/wp-json\/wp\/v2\/comments?post=130"}],"version-history":[{"count":8,"href":"https:\/\/www.lxelectriccars.com\/fi\/wp-json\/wp\/v2\/pages\/130\/revisions"}],"predecessor-version":[{"id":208,"href":"https:\/\/www.lxelectriccars.com\/fi\/wp-json\/wp\/v2\/pages\/130\/revisions\/208"}],"wp:attachment":[{"href":"https:\/\/www.lxelectriccars.com\/fi\/wp-json\/wp\/v2\/media?parent=130"}],"curies":[{"name":"wp","href":"https:\/\/api.w.org\/{rel}","templated":true}]}}