{"id":130,"date":"2023-08-27T14:20:50","date_gmt":"2023-08-27T06:20:50","guid":{"rendered":"https:\/\/www.lxelectriccars.com\/?page_id=130"},"modified":"2023-08-27T18:20:50","modified_gmt":"2023-08-27T10:20:50","slug":"about","status":"publish","type":"page","link":"https:\/\/www.lxelectriccars.com\/fr_ca\/","title":{"rendered":"\u00e0 propos de"},"content":{"rendered":"<p><img loading=\"lazy\" decoding=\"async\" class=\"size-full wp-image-138 aligncenter\" src=\"http:\/\/www.lxelectriccars.com\/wp-content\/uploads\/2023\/08\/banner-of-electric-cars.jpg\" alt=\"banni\u00e8re des voitures \u00e9lectriques\" width=\"800\" height=\"534\" srcset=\"https:\/\/www.lxelectriccars.com\/wp-content\/uploads\/2023\/08\/banner-of-electric-cars.jpg 800w, https:\/\/www.lxelectriccars.com\/wp-content\/uploads\/2023\/08\/banner-of-electric-cars-300x200.jpg 300w, https:\/\/www.lxelectriccars.com\/wp-content\/uploads\/2023\/08\/banner-of-electric-cars-768x513.jpg 768w\" sizes=\"auto, (max-width: 800px) 100vw, 800px\" \/><\/p>\n<p>pionnier de l'industrie des voitures \u00e9lectriques, red\u00e9finit la technologie automobile gr\u00e2ce \u00e0 ses voitures \u00e9lectriques r\u00e9volutionnaires. Convaincus de l'importance du d\u00e9veloppement durable et de l'innovation, nous sommes les moteurs de la transformation vers un avenir plus vert.<\/p>\n<h3>Notre vision<\/h3>\n<p>Notre vision est de bouleverser le secteur du transport conventionnel en introduisant des v\u00e9hicules \u00e9lectriques abordables et de haute qualit\u00e9. Nous imaginons un monde o\u00f9 le transport ne contribue plus \u00e0 la d\u00e9gradation de l'environnement, mais y apporte une solution.<\/p>\n<h3>Notre offre<\/h3>\n<p>Notre gamme de produits est vari\u00e9e, allant des voitures compactes pour un usage quotidien aux v\u00e9hicules utilitaires pour les entreprises. Nos voitures \u00e9lectriques offrent de nombreux avantages par rapport aux v\u00e9hicules traditionnels, notamment des co\u00fbts de fonctionnement et d'entretien r\u00e9duits, des \u00e9missions nulles et une exp\u00e9rience de conduite plus silencieuse et plus douce.<\/p>\n<h3>Nos innovations<\/h3>\n<p>Nous repoussons sans cesse les limites de ce qui est possible en mati\u00e8re de technologie des voitures \u00e9lectriques. Nos \u00e9quipes travaillent activement \u00e0 l'am\u00e9lioration de la long\u00e9vit\u00e9 des batteries, de la vitesse de chargement et des capacit\u00e9s de conduite autonome.<\/p>\n<h3>D\u00e9veloppement des infrastructures<\/h3>\n<p>Conscients de la n\u00e9cessit\u00e9 d'une infrastructure de soutien, nous investissons dans le d\u00e9veloppement de stations de recharge pour voitures \u00e9lectriques dans tout le pays. Notre objectif est de faire en sorte que la possession et l'utilisation d'une voiture \u00e9lectrique soient aussi pratiques que celles d'une voiture classique.<\/p>\n<h3>Reconnaissance<\/h3>\n<p>Nos efforts ne sont pas pass\u00e9s inaper\u00e7us. Nous avons \u00e9t\u00e9 r\u00e9compens\u00e9s par des organismes du secteur pour nos conceptions innovantes et notre technologie de pointe.<\/p>\n<h3>L'avenir<\/h3>\n<p>Nous sommes enthousiasm\u00e9s par l'avenir. En continuant \u00e0 innover et \u00e0 cro\u00eetre, nous pensons que l'adoption g\u00e9n\u00e9ralis\u00e9e des voitures \u00e9lectriques n'est pas seulement possible, mais in\u00e9vitable.En conclusion, nous sommes plus qu'une simple entreprise automobile. Nous sommes une \u00e9quipe de visionnaires, d'innovateurs et de protecteurs de l'environnement, qui se consacrent \u00e0 la cr\u00e9ation d'un avenir durable.En regardant vers l'avenir, nous nous engageons \u00e0 poursuivre notre mission de transformation des transports. Nous sommes enthousiasm\u00e9s par les possibilit\u00e9s offertes par les progr\u00e8s de la technologie des batteries, de la conduite autonome et des \u00e9nergies renouvelables, des stations de recharge pour voitures \u00e9lectriques, et nous nous engageons \u00e0 int\u00e9grer ces d\u00e9veloppements dans nos futurs mod\u00e8les. Notre objectif n'est pas seulement de produire des voitures \u00e9lectriques, mais de cr\u00e9er un \u00e9cosyst\u00e8me de transport durable qui profite \u00e0 tous.<\/p>","protected":false},"excerpt":{"rendered":"<p>we are a pioneer in the electric cars industry, is redefining automobile technology with its ground-breaking electric cars. With a firm belief in sustainability and innovation, we are driving the transformation towards a greener future. Our Vision Our vision is to disrupt the conventional transportation industry by introducing affordable, high-quality electric vehicles. We envision a&hellip;&nbsp;<a href=\"https:\/\/www.lxelectriccars.com\/fr_ca\/\" class=\"\" rel=\"bookmark\">Lire la suite &raquo;<span class=\"screen-reader-text\">\u00e0 propos de<\/span><\/a><\/p>","protected":false},"author":1,"featured_media":0,"parent":0,"menu_order":0,"comment_status":"closed","ping_status":"closed","template":"","meta":{"_seopress_robots_primary_cat":"","neve_meta_sidebar":"","neve_meta_container":"","neve_meta_enable_content_width":"off","neve_meta_content_width":100,"neve_meta_title_alignment":"","neve_meta_author_avatar":"","neve_post_elements_order":"","neve_meta_disable_header":"","neve_meta_disable_footer":"","neve_meta_disable_title":"","ngg_post_thumbnail":0,"footnotes":""},"class_list":["post-130","page","type-page","status-publish","hentry"],"_links":{"self":[{"href":"https:\/\/www.lxelectriccars.com\/fr_ca\/wp-json\/wp\/v2\/pages\/130","targetHints":{"allow":["GET"]}}],"collection":[{"href":"https:\/\/www.lxelectriccars.com\/fr_ca\/wp-json\/wp\/v2\/pages"}],"about":[{"href":"https:\/\/www.lxelectriccars.com\/fr_ca\/wp-json\/wp\/v2\/types\/page"}],"author":[{"embeddable":true,"href":"https:\/\/www.lxelectriccars.com\/fr_ca\/wp-json\/wp\/v2\/users\/1"}],"replies":[{"embeddable":true,"href":"https:\/\/www.lxelectriccars.com\/fr_ca\/wp-json\/wp\/v2\/comments?post=130"}],"version-history":[{"count":8,"href":"https:\/\/www.lxelectriccars.com\/fr_ca\/wp-json\/wp\/v2\/pages\/130\/revisions"}],"predecessor-version":[{"id":208,"href":"https:\/\/www.lxelectriccars.com\/fr_ca\/wp-json\/wp\/v2\/pages\/130\/revisions\/208"}],"wp:attachment":[{"href":"https:\/\/www.lxelectriccars.com\/fr_ca\/wp-json\/wp\/v2\/media?parent=130"}],"curies":[{"name":"wp","href":"https:\/\/api.w.org\/{rel}","templated":true}]}}