{"id":130,"date":"2023-08-27T14:20:50","date_gmt":"2023-08-27T06:20:50","guid":{"rendered":"https:\/\/www.lxelectriccars.com\/?page_id=130"},"modified":"2023-08-27T18:20:50","modified_gmt":"2023-08-27T10:20:50","slug":"about","status":"publish","type":"page","link":"https:\/\/www.lxelectriccars.com\/ga\/","title":{"rendered":"faoi"},"content":{"rendered":"<p><img loading=\"lazy\" decoding=\"async\" class=\"size-full wp-image-138 aligncenter\" src=\"http:\/\/www.lxelectriccars.com\/wp-content\/uploads\/2023\/08\/banner-of-electric-cars.jpg\" alt=\"Meirge na ngluaiste\u00e1n leictreach\" width=\"800\" height=\"534\" srcset=\"https:\/\/www.lxelectriccars.com\/wp-content\/uploads\/2023\/08\/banner-of-electric-cars.jpg 800w, https:\/\/www.lxelectriccars.com\/wp-content\/uploads\/2023\/08\/banner-of-electric-cars-300x200.jpg 300w, https:\/\/www.lxelectriccars.com\/wp-content\/uploads\/2023\/08\/banner-of-electric-cars-768x513.jpg 768w\" sizes=\"auto, (max-width: 800px) 100vw, 800px\" \/><\/p>\n<p>Is ceannr\u00f3da\u00ed muid i dtionscal na ngluaiste\u00e1n leictreach, ag ath-shainmh\u00edni\u00fa teicneola\u00edocht na ngluaiste\u00e1n len\u00e1r ngluaiste\u00e1in leictreacha ceannr\u00f3da\u00edocha. Le creideamh l\u00e1idir san inbhuanaitheacht agus san nu\u00e1la\u00edocht, t\u00e1imid ag tiom\u00e1int na hathr\u00fa i dtreo todhcha\u00ed n\u00edos glaise.<\/p>\n<h3>\u00c1r bhF\u00eds<\/h3>\n<p>Is \u00e9 an fh\u00eds at\u00e1 againn n\u00e1 an tionscal iompair traidisi\u00fanta a chlaochl\u00fa tr\u00ed fheithicl\u00ed leictreacha inacmhainne d'ardchaighde\u00e1n a thabhairt isteach. Samhla\u00edmid domhan nach mb\u00edonn an t-iompar ina ch\u00fais le meath an chomhshaoil a thuilleadh, ach ina r\u00e9iteach air.<\/p>\n<h3>\u00c1r dTairiscint<\/h3>\n<p>T\u00e1 \u00e1r r\u00e9imse t\u00e1irg\u00ed ilghn\u00e9itheach, \u00f3 ghluaiste\u00e1in chomhpakta don ghn\u00e1th\u00fas\u00e1id go feithicl\u00ed tr\u00e1cht\u00e1la do ghn\u00f3lachta\u00ed. Is teist iad \u00e1r ngluaiste\u00e1in go l\u00e9ir ar \u00e1r dtiomantas don ch\u00e1il\u00edocht, don nu\u00e1la\u00edocht, agus don inbhuanaitheacht. Cuireann \u00e1r ngluaiste\u00e1in leictreacha go leor bunt\u00e1ist\u00ed ar f\u00e1il i gcompar\u00e1id le feithicl\u00ed traidisi\u00fanta, lena n-\u00e1ir\u00edtear costais oibri\u00fach\u00e1in agus cothabh\u00e1la n\u00edos \u00edsle, asta\u00edochta\u00ed nialasacha, agus eisp\u00e9ireas tiom\u00e1na at\u00e1 n\u00edos ci\u00faine agus n\u00edos m\u00edne.<\/p>\n<h3>\u00c1r nNu\u00e1la\u00edochta\u00ed<\/h3>\n<p>T\u00e1imid i gc\u00f3na\u00ed ag br\u00fa na dteorainneacha ar a bhfuil ind\u00e9anta i dteicneola\u00edocht na ngluaiste\u00e1n leictreach. T\u00e1 \u00e1r bhfoirne ag obair go gn\u00edomhach ar dhul chun cinn i marthanacht ceallra\u00ed, i luas luchtaithe, agus i gcumas tiom\u00e1na uathrialaithe.<\/p>\n<h3>Forbairt Bonneagair<\/h3>\n<p>Agus an g\u00e1 le bonneagar taca\u00edochta aitheanta againn, t\u00e1imid ag infheisti\u00fa i bhforbairt st\u00e1isi\u00fan luchtaithe do ghluaiste\u00e1in leictreacha ar fud na t\u00edre. Is \u00e9 an sprioc at\u00e1 againn n\u00e1 a chinnti\u00fa go mbeidh s\u00e9 chomh h\u00e1isi\u00fail gluaiste\u00e1n leictreach a bheith i do sheilbh agus a oibri\u00fa agus gluaiste\u00e1n traidisi\u00fanta.<\/p>\n<h3>Aitheantas<\/h3>\n<p>N\u00edor imigh \u00e1r n-iarrachta\u00ed gan thabhairt faoi deara. T\u00e1 ardmholadh faighte againn \u00f3 chomhlachta\u00ed tionscail as \u00e1r ndeara\u00ed nu\u00e1lacha agus \u00e1r dteicneola\u00edocht cheannr\u00f3da\u00edoch.<\/p>\n<h3>An Todhcha\u00ed<\/h3>\n<p>T\u00e1imid ar b\u00eds faoin todhcha\u00ed. De r\u00e9ir mar a leanann muid orainn ag nu\u00e1il agus ag f\u00e1s, creidimid nach amh\u00e1in go bhfuil s\u00e9 ind\u00e9anta glacadh forleathan a thabhairt do ghluaiste\u00e1in leictreacha, ach go bhfuil s\u00e9 dosheachanta. Mar fhocal scoir, is n\u00edos m\u00f3 muid n\u00e1 comhlacht gluaiste\u00e1n amh\u00e1in. Is foireann f\u00edsithe, nu\u00e1laithe, agus maoir timpeallachta muid, at\u00e1 tiomanta do thodhcha\u00ed inbhuanaithe a chruth\u00fa. Agus muid ag f\u00e9achaint chun cinn, t\u00e1imid tiomanta do lean\u00faint len\u00e1r misean chun an t-iompar a chlaochl\u00fa. T\u00e1imid ar b\u00eds faoi na f\u00e9idearthachta\u00ed a thairgeann dul chun cinn i dteicneola\u00edocht ceallra\u00ed, i dtiom\u00e1int uathrialach, agus i bhfuinneamh in-athnuaite, st\u00e1isi\u00fain luchtaithe do ghluaiste\u00e1in leictreacha, agus t\u00e1imid tiomanta na forbairt\u00ed seo a chomhth\u00e1th\u00fa in\u00e1r samhlacha amach anseo. N\u00ed h\u00e9 amh\u00e1in \u00e1r sprioc gluaiste\u00e1in leictreacha a th\u00e1irgeadh, ach \u00e9iceach\u00f3ras iompair inbhuanaithe a chruth\u00fa a rachaidh chun tairbhe do ch\u00e1ch.<\/p>","protected":false},"excerpt":{"rendered":"<p>we are a pioneer in the electric cars industry, is redefining automobile technology with its ground-breaking electric cars. With a firm belief in sustainability and innovation, we are driving the transformation towards a greener future. Our Vision Our vision is to disrupt the conventional transportation industry by introducing affordable, high-quality electric vehicles. We envision a&hellip;&nbsp;<a href=\"https:\/\/www.lxelectriccars.com\/ga\/\" class=\"\" rel=\"bookmark\">Read More &raquo;<span class=\"screen-reader-text\">faoi<\/span><\/a><\/p>","protected":false},"author":1,"featured_media":0,"parent":0,"menu_order":0,"comment_status":"closed","ping_status":"closed","template":"","meta":{"_seopress_robots_primary_cat":"","neve_meta_sidebar":"","neve_meta_container":"","neve_meta_enable_content_width":"off","neve_meta_content_width":100,"neve_meta_title_alignment":"","neve_meta_author_avatar":"","neve_post_elements_order":"","neve_meta_disable_header":"","neve_meta_disable_footer":"","neve_meta_disable_title":"","ngg_post_thumbnail":0,"footnotes":""},"class_list":["post-130","page","type-page","status-publish","hentry"],"_links":{"self":[{"href":"https:\/\/www.lxelectriccars.com\/ga\/wp-json\/wp\/v2\/pages\/130","targetHints":{"allow":["GET"]}}],"collection":[{"href":"https:\/\/www.lxelectriccars.com\/ga\/wp-json\/wp\/v2\/pages"}],"about":[{"href":"https:\/\/www.lxelectriccars.com\/ga\/wp-json\/wp\/v2\/types\/page"}],"author":[{"embeddable":true,"href":"https:\/\/www.lxelectriccars.com\/ga\/wp-json\/wp\/v2\/users\/1"}],"replies":[{"embeddable":true,"href":"https:\/\/www.lxelectriccars.com\/ga\/wp-json\/wp\/v2\/comments?post=130"}],"version-history":[{"count":8,"href":"https:\/\/www.lxelectriccars.com\/ga\/wp-json\/wp\/v2\/pages\/130\/revisions"}],"predecessor-version":[{"id":208,"href":"https:\/\/www.lxelectriccars.com\/ga\/wp-json\/wp\/v2\/pages\/130\/revisions\/208"}],"wp:attachment":[{"href":"https:\/\/www.lxelectriccars.com\/ga\/wp-json\/wp\/v2\/media?parent=130"}],"curies":[{"name":"wp","href":"https:\/\/api.w.org\/{rel}","templated":true}]}}