{"id":130,"date":"2023-08-27T14:20:50","date_gmt":"2023-08-27T06:20:50","guid":{"rendered":"https:\/\/www.lxelectriccars.com\/?page_id=130"},"modified":"2023-08-27T18:20:50","modified_gmt":"2023-08-27T10:20:50","slug":"about","status":"publish","type":"page","link":"https:\/\/www.lxelectriccars.com\/is\/","title":{"rendered":"um"},"content":{"rendered":"<p><img loading=\"lazy\" decoding=\"async\" class=\"size-full wp-image-138 aligncenter\" src=\"http:\/\/www.lxelectriccars.com\/wp-content\/uploads\/2023\/08\/banner-of-electric-cars.jpg\" alt=\"F\u00e1ninn um rafb\u00edla\" width=\"800\" height=\"534\" srcset=\"https:\/\/www.lxelectriccars.com\/wp-content\/uploads\/2023\/08\/banner-of-electric-cars.jpg 800w, https:\/\/www.lxelectriccars.com\/wp-content\/uploads\/2023\/08\/banner-of-electric-cars-300x200.jpg 300w, https:\/\/www.lxelectriccars.com\/wp-content\/uploads\/2023\/08\/banner-of-electric-cars-768x513.jpg 768w\" sizes=\"auto, (max-width: 800px) 100vw, 800px\" \/><\/p>\n<p>Vi\u00f0 erum brautry\u00f0jendur \u00ed rafb\u00edlageiranum og endurskilgreinum b\u00edlat\u00e6kni me\u00f0 byltingarkenndum rafb\u00edlum okkar. Me\u00f0 f\u00f6stum tr\u00fa \u00e1 sj\u00e1lfb\u00e6rni og n\u00fdsk\u00f6pun erum vi\u00f0 a\u00f0 kn\u00fdja fram umbreytingu \u00ed \u00e1tt a\u00f0 gr\u00e6nni framt\u00ed\u00f0.<\/p>\n<h3>S\u00fdn okkar<\/h3>\n<p>S\u00fdn okkar er a\u00f0 raska hef\u00f0bundinni samg\u00f6ngui\u00f0na\u00f0i me\u00f0 \u00fev\u00ed a\u00f0 bj\u00f3\u00f0a upp \u00e1 hagkv\u00e6m og h\u00e1g\u00e6\u00f0a rafb\u00edla. Vi\u00f0 sj\u00e1um fyrir okkur heim \u00fear sem samg\u00f6ngur eru ekki lengur ors\u00f6k umhverfisspjalls, heldur lausn \u00e1 \u00fev\u00ed.<\/p>\n<h3>Tilbo\u00f0 okkar<\/h3>\n<p>V\u00f6rul\u00ednan okkar er fj\u00f6lbreytt, allt fr\u00e1 sm\u00e1v\u00f6xnum b\u00edlum fyrir daglega notkun til atvinnubifrei\u00f0a fyrir fyrirt\u00e6ki. Hver einasti b\u00edll okkar er vitnisbur\u00f0ur um skuldbindingu okkar vi\u00f0 g\u00e6\u00f0i, n\u00fdsk\u00f6pun og sj\u00e1lfb\u00e6rni. Rafb\u00edlarnir okkar bj\u00f3\u00f0a upp \u00e1 fj\u00f6lmarga kosti mi\u00f0a\u00f0 vi\u00f0 hef\u00f0bundna b\u00edla, \u00fear \u00e1 me\u00f0al l\u00e6gri rekstrar- og vi\u00f0haldskostna\u00f0, engin \u00fatbl\u00e1stur og \u00fe\u00e6gilegri, hlj\u00f3\u00f0l\u00e1tari akstursupplifun.<\/p>\n<h3>N\u00fdjungar okkar<\/h3>\n<p>Vi\u00f0 erum st\u00f6\u00f0ugt a\u00f0 \u00fdta vi\u00f0 m\u00f6rkum \u00feess sem er m\u00f6gulegt \u00ed t\u00e6kni rafb\u00edla. Teymi okkar vinna af fullum krafti a\u00f0 framf\u00f6rum \u00ed endingu rafhl\u00f6\u00f0u, hra\u00f0hle\u00f0slu og sj\u00e1lfkeyrandi akstursgetu.<\/p>\n<h3>Innvi\u00f0a\u00fer\u00f3un<\/h3>\n<p>\u00cd lj\u00f3si \u00feess a\u00f0 stu\u00f0ningsinnvi\u00f0um er \u00fe\u00f6rf erum vi\u00f0 a\u00f0 fj\u00e1rfesta \u00ed uppbyggingu hle\u00f0slust\u00f6\u00f0va fyrir rafb\u00edla um allt land. Markmi\u00f0 okkar er a\u00f0 tryggja a\u00f0 eigandi og rekstur rafb\u00edls s\u00e9 jafn \u00fe\u00e6gilegur og rekstur hef\u00f0bundins b\u00edls.<\/p>\n<h3>Vi\u00f0urkenning<\/h3>\n<p>Vi\u00f0leitni okkar hefur ekki fari\u00f0 framhj\u00e1 neinum. Vi\u00f0 h\u00f6fum hloti\u00f0 vi\u00f0urkenningar fr\u00e1 i\u00f0na\u00f0arsamt\u00f6kum fyrir n\u00fdst\u00e1rlegar h\u00f6nnanir og t\u00e6kni \u00ed fremstu r\u00f6\u00f0.<\/p>\n<h3>Framt\u00ed\u00f0in<\/h3>\n<p>Vi\u00f0 erum spennt fyrir framt\u00ed\u00f0inni. \u00deegar vi\u00f0 h\u00f6ldum \u00e1fram a\u00f0 innlei\u00f0a n\u00fdjungar og vaxa, tr\u00faum vi\u00f0 \u00fev\u00ed a\u00f0 v\u00ed\u00f0t\u00e6k notkun rafmagnsb\u00edla s\u00e9 ekki a\u00f0eins m\u00f6guleg, heldur \u00f3hj\u00e1kv\u00e6mileg. A\u00f0 lokum erum vi\u00f0 meira en bara b\u00edlafyrirt\u00e6ki. Vi\u00f0 erum teymi framt\u00ed\u00f0ars\u00fdnenda, n\u00fdsk\u00f6punara\u00f0ila og umhverfisverndara, sem er helga\u00f0 \u00fev\u00ed a\u00f0 skapa sj\u00e1lfb\u00e6ra framt\u00ed\u00f0. \u00deegar vi\u00f0 l\u00edtum til framt\u00ed\u00f0ar erum vi\u00f0 sta\u00f0r\u00e1\u00f0in \u00ed a\u00f0 halda \u00e1fram markmi\u00f0i okkar um a\u00f0 umbreyta samg\u00f6ngum. Vi\u00f0 erum spennt fyrir \u00feeim m\u00f6guleikum sem framfarir \u00ed rafhl\u00f6\u00f0ut\u00e6kni, sj\u00e1lfkeyrandi \u00f6kut\u00e6kni, endurn\u00fdjanlegri orku og hle\u00f0slust\u00f6\u00f0vum fyrir rafb\u00edla bj\u00f3\u00f0a upp \u00e1, og skuldbindum okkur til a\u00f0 sam\u00fe\u00e6tta \u00feessar framfarir \u00ed framt\u00ed\u00f0arger\u00f0ir okkar. Markmi\u00f0 okkar er ekki a\u00f0eins a\u00f0 framlei\u00f0a rafb\u00edla heldur a\u00f0 skapa sj\u00e1lfb\u00e6rt samg\u00f6ngukerfi sem gagnast \u00f6llum.<\/p>","protected":false},"excerpt":{"rendered":"<p>we are a pioneer in the electric cars industry, is redefining automobile technology with its ground-breaking electric cars. With a firm belief in sustainability and innovation, we are driving the transformation towards a greener future. Our Vision Our vision is to disrupt the conventional transportation industry by introducing affordable, high-quality electric vehicles. We envision a&hellip;&nbsp;<a href=\"https:\/\/www.lxelectriccars.com\/is\/\" class=\"\" rel=\"bookmark\">Read More &raquo;<span class=\"screen-reader-text\">um<\/span><\/a><\/p>","protected":false},"author":1,"featured_media":0,"parent":0,"menu_order":0,"comment_status":"closed","ping_status":"closed","template":"","meta":{"_seopress_robots_primary_cat":"","neve_meta_sidebar":"","neve_meta_container":"","neve_meta_enable_content_width":"off","neve_meta_content_width":100,"neve_meta_title_alignment":"","neve_meta_author_avatar":"","neve_post_elements_order":"","neve_meta_disable_header":"","neve_meta_disable_footer":"","neve_meta_disable_title":"","ngg_post_thumbnail":0,"footnotes":""},"class_list":["post-130","page","type-page","status-publish","hentry"],"_links":{"self":[{"href":"https:\/\/www.lxelectriccars.com\/is\/wp-json\/wp\/v2\/pages\/130","targetHints":{"allow":["GET"]}}],"collection":[{"href":"https:\/\/www.lxelectriccars.com\/is\/wp-json\/wp\/v2\/pages"}],"about":[{"href":"https:\/\/www.lxelectriccars.com\/is\/wp-json\/wp\/v2\/types\/page"}],"author":[{"embeddable":true,"href":"https:\/\/www.lxelectriccars.com\/is\/wp-json\/wp\/v2\/users\/1"}],"replies":[{"embeddable":true,"href":"https:\/\/www.lxelectriccars.com\/is\/wp-json\/wp\/v2\/comments?post=130"}],"version-history":[{"count":8,"href":"https:\/\/www.lxelectriccars.com\/is\/wp-json\/wp\/v2\/pages\/130\/revisions"}],"predecessor-version":[{"id":208,"href":"https:\/\/www.lxelectriccars.com\/is\/wp-json\/wp\/v2\/pages\/130\/revisions\/208"}],"wp:attachment":[{"href":"https:\/\/www.lxelectriccars.com\/is\/wp-json\/wp\/v2\/media?parent=130"}],"curies":[{"name":"wp","href":"https:\/\/api.w.org\/{rel}","templated":true}]}}