{"id":130,"date":"2023-08-27T14:20:50","date_gmt":"2023-08-27T06:20:50","guid":{"rendered":"https:\/\/www.lxelectriccars.com\/?page_id=130"},"modified":"2023-08-27T18:20:50","modified_gmt":"2023-08-27T10:20:50","slug":"about","status":"publish","type":"page","link":"https:\/\/www.lxelectriccars.com\/it\/","title":{"rendered":"circa"},"content":{"rendered":"<p><img loading=\"lazy\" decoding=\"async\" class=\"size-full wp-image-138 aligncenter\" src=\"http:\/\/www.lxelectriccars.com\/wp-content\/uploads\/2023\/08\/banner-of-electric-cars.jpg\" alt=\"bandiera delle auto elettriche\" width=\"800\" height=\"534\" srcset=\"https:\/\/www.lxelectriccars.com\/wp-content\/uploads\/2023\/08\/banner-of-electric-cars.jpg 800w, https:\/\/www.lxelectriccars.com\/wp-content\/uploads\/2023\/08\/banner-of-electric-cars-300x200.jpg 300w, https:\/\/www.lxelectriccars.com\/wp-content\/uploads\/2023\/08\/banner-of-electric-cars-768x513.jpg 768w\" sizes=\"auto, (max-width: 800px) 100vw, 800px\" \/><\/p>\n<p>siamo pionieri nel settore delle auto elettriche e stiamo ridefinendo la tecnologia automobilistica con le nostre rivoluzionarie auto elettriche. Credendo fermamente nella sostenibilit\u00e0 e nell'innovazione, stiamo guidando la trasformazione verso un futuro pi\u00f9 verde.<\/p>\n<h3>La nostra visione<\/h3>\n<p>La nostra visione \u00e8 quella di sconvolgere il settore dei trasporti convenzionali introducendo veicoli elettrici di alta qualit\u00e0 e a prezzi accessibili. Immaginiamo un mondo in cui il trasporto non sia pi\u00f9 un fattore di degrado ambientale, ma una soluzione.<\/p>\n<h3>La nostra offerta<\/h3>\n<p>La nostra gamma di prodotti \u00e8 varia e spazia dalle auto compatte per l'uso quotidiano ai veicoli commerciali per le aziende. Le nostre auto elettriche offrono numerosi vantaggi rispetto ai veicoli tradizionali, tra cui costi di gestione e manutenzione inferiori, zero emissioni e un'esperienza di guida pi\u00f9 silenziosa e fluida.<\/p>\n<h3>Le nostre innovazioni<\/h3>\n<p>Stiamo continuamente spingendo i confini di ci\u00f2 che \u00e8 possibile fare con la tecnologia delle auto elettriche. I nostri team lavorano attivamente per migliorare la longevit\u00e0 delle batterie, la velocit\u00e0 di ricarica e le capacit\u00e0 di guida autonoma.<\/p>\n<h3>Sviluppo dell'infrastruttura<\/h3>\n<p>Riconoscendo la necessit\u00e0 di infrastrutture di supporto, stiamo investendo nello sviluppo di stazioni di ricarica per auto elettriche in tutto il Paese. Il nostro obiettivo \u00e8 quello di garantire che possedere e utilizzare un'auto elettrica sia conveniente quanto un'auto tradizionale.<\/p>\n<h3>Riconoscimento<\/h3>\n<p>I nostri sforzi non sono passati inosservati. Abbiamo ricevuto riconoscimenti da enti del settore per i nostri progetti innovativi e la nostra tecnologia all'avanguardia.<\/p>\n<h3>Il futuro<\/h3>\n<p>Siamo entusiasti del futuro. Continuando a innovare e a crescere, crediamo che l'adozione generalizzata delle auto elettriche non sia solo possibile, ma inevitabile. Siamo un team di visionari, innovatori e amministratori dell'ambiente, dediti alla creazione di un futuro sostenibile. Guardando al futuro, ci impegniamo a portare avanti la nostra missione di trasformazione dei trasporti. Siamo entusiasti delle possibilit\u00e0 offerte dai progressi della tecnologia delle batterie, della guida autonoma e delle energie rinnovabili, delle stazioni di ricarica per auto elettriche e ci impegniamo a integrare questi sviluppi nei nostri modelli futuri. Il nostro obiettivo non \u00e8 solo quello di produrre auto elettriche, ma di creare un ecosistema di trasporto sostenibile che vada a beneficio di tutti.<\/p>","protected":false},"excerpt":{"rendered":"<p>we are a pioneer in the electric cars industry, is redefining automobile technology with its ground-breaking electric cars. With a firm belief in sustainability and innovation, we are driving the transformation towards a greener future. Our Vision Our vision is to disrupt the conventional transportation industry by introducing affordable, high-quality electric vehicles. We envision a&hellip;&nbsp;<a href=\"https:\/\/www.lxelectriccars.com\/it\/\" class=\"\" rel=\"bookmark\">Leggi tutto &raquo;<span class=\"screen-reader-text\">circa<\/span><\/a><\/p>","protected":false},"author":1,"featured_media":0,"parent":0,"menu_order":0,"comment_status":"closed","ping_status":"closed","template":"","meta":{"_seopress_robots_primary_cat":"","neve_meta_sidebar":"","neve_meta_container":"","neve_meta_enable_content_width":"off","neve_meta_content_width":100,"neve_meta_title_alignment":"","neve_meta_author_avatar":"","neve_post_elements_order":"","neve_meta_disable_header":"","neve_meta_disable_footer":"","neve_meta_disable_title":"","ngg_post_thumbnail":0,"footnotes":""},"class_list":["post-130","page","type-page","status-publish","hentry"],"_links":{"self":[{"href":"https:\/\/www.lxelectriccars.com\/it\/wp-json\/wp\/v2\/pages\/130","targetHints":{"allow":["GET"]}}],"collection":[{"href":"https:\/\/www.lxelectriccars.com\/it\/wp-json\/wp\/v2\/pages"}],"about":[{"href":"https:\/\/www.lxelectriccars.com\/it\/wp-json\/wp\/v2\/types\/page"}],"author":[{"embeddable":true,"href":"https:\/\/www.lxelectriccars.com\/it\/wp-json\/wp\/v2\/users\/1"}],"replies":[{"embeddable":true,"href":"https:\/\/www.lxelectriccars.com\/it\/wp-json\/wp\/v2\/comments?post=130"}],"version-history":[{"count":8,"href":"https:\/\/www.lxelectriccars.com\/it\/wp-json\/wp\/v2\/pages\/130\/revisions"}],"predecessor-version":[{"id":208,"href":"https:\/\/www.lxelectriccars.com\/it\/wp-json\/wp\/v2\/pages\/130\/revisions\/208"}],"wp:attachment":[{"href":"https:\/\/www.lxelectriccars.com\/it\/wp-json\/wp\/v2\/media?parent=130"}],"curies":[{"name":"wp","href":"https:\/\/api.w.org\/{rel}","templated":true}]}}