{"id":130,"date":"2023-08-27T14:20:50","date_gmt":"2023-08-27T06:20:50","guid":{"rendered":"https:\/\/www.lxelectriccars.com\/?page_id=130"},"modified":"2023-08-27T18:20:50","modified_gmt":"2023-08-27T10:20:50","slug":"about","status":"publish","type":"page","link":"https:\/\/www.lxelectriccars.com\/lt\/","title":{"rendered":"apie"},"content":{"rendered":"<p><img loading=\"lazy\" decoding=\"async\" class=\"size-full wp-image-138 aligncenter\" src=\"http:\/\/www.lxelectriccars.com\/wp-content\/uploads\/2023\/08\/banner-of-electric-cars.jpg\" alt=\"elektromobili\u0173 v\u0117liava\" width=\"800\" height=\"534\" srcset=\"https:\/\/www.lxelectriccars.com\/wp-content\/uploads\/2023\/08\/banner-of-electric-cars.jpg 800w, https:\/\/www.lxelectriccars.com\/wp-content\/uploads\/2023\/08\/banner-of-electric-cars-300x200.jpg 300w, https:\/\/www.lxelectriccars.com\/wp-content\/uploads\/2023\/08\/banner-of-electric-cars-768x513.jpg 768w\" sizes=\"auto, (max-width: 800px) 100vw, 800px\" \/><\/p>\n<p>esame elektromobili\u0173 pramon\u0117s pionieriai, i\u0161 naujo apibr\u0117\u017eiantys automobili\u0173 technologij\u0105 savo novatori\u0161kais elektriniais automobiliais. Tvirtai tik\u0117dami tvarumu ir inovacijomis, mes skatiname permainas ekologi\u0161kesn\u0117s ateities link.<\/p>\n<h3>M\u016bs\u0173 vizija<\/h3>\n<p>M\u016bs\u0173 vizija - i\u0161ardyti \u012fprastin\u0119 transporto pramon\u0119 pristatant \u012fperkamas auk\u0161tos kokyb\u0117s elektrines transporto priemones. Mes \u012fsivaizduojame pasaul\u012f, kuriame transportas nebeprisideda prie aplinkos b\u016bkl\u0117s blog\u0117jimo, o yra jo sprendimas.<\/p>\n<h3>M\u016bs\u0173 pasi\u016blymas<\/h3>\n<p>M\u016bs\u0173 gamini\u0173 asortimentas labai \u012fvairus - nuo kasdieniam naudojimui skirt\u0173 kompakti\u0161k\u0173 automobili\u0173 iki verslui skirt\u0173 komercini\u0173 transporto priemoni\u0173. Kiekvienas m\u016bs\u0173 automobilis - tai m\u016bs\u0173 \u012fsipareigojimo siekti kokyb\u0117s, naujovi\u0173 ir tvarumo \u012frodymas.M\u016bs\u0173 elektriniai automobiliai turi daug prana\u0161um\u0173, palyginti su tradicin\u0117mis transporto priemon\u0117mis, \u012fskaitant ma\u017eesnes eksploatavimo ir prie\u017ei\u016bros i\u0161laidas, nulin\u0119 tar\u0161\u0105, tylesn\u012f ir sklandesn\u012f vairavim\u0105.<\/p>\n<h3>M\u016bs\u0173 naujov\u0117s<\/h3>\n<p>Nuolat ple\u010diame elektromobili\u0173 technologijos galimybi\u0173 ribas. M\u016bs\u0173 komandos aktyviai dirba tobulindamos akumuliatori\u0173 ilgaam\u017ei\u0161kum\u0105, \u012fkrovimo greit\u012f ir autonominio vairavimo galimybes.<\/p>\n<h3>Infrastrukt\u016bros pl\u0117tra<\/h3>\n<p>Pripa\u017eindami, kad reikalinga pagalbin\u0117 infrastrukt\u016bra, investuojame \u012f elektromobili\u0173 \u012fkrovimo stoteli\u0173 pl\u0117tr\u0105 visoje \u0161alyje. M\u016bs\u0173 tikslas - u\u017etikrinti, kad tur\u0117ti ir eksploatuoti elektromobilius b\u016bt\u0173 taip pat patogu, kaip ir \u012fprastus.<\/p>\n<h3>Pripa\u017einimas<\/h3>\n<p>M\u016bs\u0173 pastangos neliko nepasteb\u0117tos. U\u017e novatori\u0161k\u0105 dizain\u0105 ir pa\u017eangiausias technologijas esame gav\u0119 pramon\u0117s \u012fstaig\u0173 apdovanojimus.<\/p>\n<h3>Ateitis<\/h3>\n<p>D\u017eiaugiam\u0117s ateitimi. Toliau diegdami naujoves ir augdami tikime, kad elektromobili\u0173 plitimas yra ne tik \u012fmanomas, bet ir nei\u0161vengiamas. Esame vizionieri\u0173, novatori\u0173 ir aplinkosauginink\u0173 komanda, siekianti kurti tvari\u0105 ateit\u012f. \u017evelgdami \u012f ateit\u012f, esame pasiry\u017e\u0119 t\u0119sti savo misij\u0105 - keisti transport\u0105. D\u017eiaugiam\u0117s galimyb\u0117mis, kurias teikia akumuliatori\u0173 technologij\u0173, autonominio vairavimo ir atsinaujinan\u010diosios energijos, elektromobili\u0173 \u012fkrovimo stoteli\u0173 pa\u017eanga, ir esame pasiry\u017e\u0119 integruoti \u0161iuos pasiekimus \u012f savo ateities modelius. M\u016bs\u0173 tikslas - ne tik gaminti elektromobilius, bet ir sukurti tvari\u0105 transporto ekosistem\u0105, kuri b\u016bt\u0173 naudinga visiems.<\/p>","protected":false},"excerpt":{"rendered":"<p>we are a pioneer in the electric cars industry, is redefining automobile technology with its ground-breaking electric cars. With a firm belief in sustainability and innovation, we are driving the transformation towards a greener future. Our Vision Our vision is to disrupt the conventional transportation industry by introducing affordable, high-quality electric vehicles. We envision a&hellip;&nbsp;<a href=\"https:\/\/www.lxelectriccars.com\/lt\/\" class=\"\" rel=\"bookmark\">Read More &raquo;<span class=\"screen-reader-text\">apie<\/span><\/a><\/p>","protected":false},"author":1,"featured_media":0,"parent":0,"menu_order":0,"comment_status":"closed","ping_status":"closed","template":"","meta":{"_seopress_robots_primary_cat":"","neve_meta_sidebar":"","neve_meta_container":"","neve_meta_enable_content_width":"off","neve_meta_content_width":100,"neve_meta_title_alignment":"","neve_meta_author_avatar":"","neve_post_elements_order":"","neve_meta_disable_header":"","neve_meta_disable_footer":"","neve_meta_disable_title":"","ngg_post_thumbnail":0,"footnotes":""},"class_list":["post-130","page","type-page","status-publish","hentry"],"_links":{"self":[{"href":"https:\/\/www.lxelectriccars.com\/lt\/wp-json\/wp\/v2\/pages\/130","targetHints":{"allow":["GET"]}}],"collection":[{"href":"https:\/\/www.lxelectriccars.com\/lt\/wp-json\/wp\/v2\/pages"}],"about":[{"href":"https:\/\/www.lxelectriccars.com\/lt\/wp-json\/wp\/v2\/types\/page"}],"author":[{"embeddable":true,"href":"https:\/\/www.lxelectriccars.com\/lt\/wp-json\/wp\/v2\/users\/1"}],"replies":[{"embeddable":true,"href":"https:\/\/www.lxelectriccars.com\/lt\/wp-json\/wp\/v2\/comments?post=130"}],"version-history":[{"count":8,"href":"https:\/\/www.lxelectriccars.com\/lt\/wp-json\/wp\/v2\/pages\/130\/revisions"}],"predecessor-version":[{"id":208,"href":"https:\/\/www.lxelectriccars.com\/lt\/wp-json\/wp\/v2\/pages\/130\/revisions\/208"}],"wp:attachment":[{"href":"https:\/\/www.lxelectriccars.com\/lt\/wp-json\/wp\/v2\/media?parent=130"}],"curies":[{"name":"wp","href":"https:\/\/api.w.org\/{rel}","templated":true}]}}