{"id":130,"date":"2023-08-27T14:20:50","date_gmt":"2023-08-27T06:20:50","guid":{"rendered":"https:\/\/www.lxelectriccars.com\/?page_id=130"},"modified":"2023-08-27T18:20:50","modified_gmt":"2023-08-27T10:20:50","slug":"about","status":"publish","type":"page","link":"https:\/\/www.lxelectriccars.com\/nb\/","title":{"rendered":"om"},"content":{"rendered":"<p><img loading=\"lazy\" decoding=\"async\" class=\"size-full wp-image-138 aligncenter\" src=\"http:\/\/www.lxelectriccars.com\/wp-content\/uploads\/2023\/08\/banner-of-electric-cars.jpg\" alt=\"banner av elektriske biler\" width=\"800\" height=\"534\" srcset=\"https:\/\/www.lxelectriccars.com\/wp-content\/uploads\/2023\/08\/banner-of-electric-cars.jpg 800w, https:\/\/www.lxelectriccars.com\/wp-content\/uploads\/2023\/08\/banner-of-electric-cars-300x200.jpg 300w, https:\/\/www.lxelectriccars.com\/wp-content\/uploads\/2023\/08\/banner-of-electric-cars-768x513.jpg 768w\" sizes=\"auto, (max-width: 800px) 100vw, 800px\" \/><\/p>\n<p>Vi er en pioner i elbilindustrien, og vi omdefinerer bilteknologien med v\u00e5re banebrytende elbiler. Med en sterk tro p\u00e5 b\u00e6rekraft og innovasjon driver vi transformasjonen mot en gr\u00f8nnere fremtid.<\/p>\n<h3>V\u00e5r visjon<\/h3>\n<p>V\u00e5r visjon er \u00e5 endre den konvensjonelle transportbransjen ved \u00e5 introdusere rimelige, elektriske kj\u00f8ret\u00f8y av h\u00f8y kvalitet. Vi ser for oss en verden der transport ikke lenger bidrar til milj\u00f8\u00f8deleggelser, men er en l\u00f8sning p\u00e5 dem.<\/p>\n<h3>V\u00e5rt tilbud<\/h3>\n<p>Produktutvalget v\u00e5rt er mangfoldig, og spenner fra kompakte biler til hverdagsbruk til nyttekj\u00f8ret\u00f8y for bedrifter. Hver og en av bilene v\u00e5re er et bevis p\u00e5 v\u00e5rt engasjement for kvalitet, innovasjon og b\u00e6rekraft. Elbilene v\u00e5re har en rekke fordeler sammenlignet med tradisjonelle biler, blant annet lavere drifts- og vedlikeholdskostnader, null utslipp og en mer stilleg\u00e5ende og behagelig kj\u00f8reopplevelse.<\/p>\n<h3>V\u00e5re innovasjoner<\/h3>\n<p>Vi flytter stadig grensene for hva som er mulig innen elbilteknologi. Teamene v\u00e5re jobber aktivt med \u00e5 forbedre batterilevetiden, ladehastigheten og mulighetene for autonom kj\u00f8ring.<\/p>\n<h3>Utvikling av infrastruktur<\/h3>\n<p>Vi erkjenner behovet for st\u00f8ttende infrastruktur, og investerer derfor i utbygging av ladestasjoner for elbiler over hele landet. M\u00e5let v\u00e5rt er \u00e5 s\u00f8rge for at det skal v\u00e6re like enkelt \u00e5 eie og bruke en elbil som en konvensjonell bil.<\/p>\n<h3>Anerkjennelse<\/h3>\n<p>Innsatsen v\u00e5r har ikke g\u00e5tt up\u00e5aktet hen. Vi har mottatt utmerkelser fra bransjeorganer for v\u00e5r innovative design og banebrytende teknologi.<\/p>\n<h3>Fremtiden<\/h3>\n<p>Vi gleder oss til fremtiden. Vi fortsetter \u00e5 innovere og vokse, og vi tror at utbredelsen av elbiler ikke bare er mulig, men uunng\u00e5elig. Vi er et team av visjon\u00e6re, innovat\u00f8rer og milj\u00f8forvaltere som er dedikert til \u00e5 skape en b\u00e6rekraftig fremtid, og vi er fast bestemt p\u00e5 \u00e5 fortsette arbeidet v\u00e5rt med \u00e5 forandre transportsektoren. Vi er begeistret for mulighetene som ligger i fremskritt innen batteriteknologi, autonom kj\u00f8ring, fornybar energi og ladestasjoner for elbiler, og vi er opptatt av \u00e5 integrere disse utviklingstrekkene i v\u00e5re fremtidige modeller. M\u00e5let v\u00e5rt er ikke bare \u00e5 produsere elbiler, men \u00e5 skape et b\u00e6rekraftig \u00f8kosystem for transport som kommer alle til gode.<\/p>","protected":false},"excerpt":{"rendered":"<p>we are a pioneer in the electric cars industry, is redefining automobile technology with its ground-breaking electric cars. With a firm belief in sustainability and innovation, we are driving the transformation towards a greener future. Our Vision Our vision is to disrupt the conventional transportation industry by introducing affordable, high-quality electric vehicles. We envision a&hellip;&nbsp;<a href=\"https:\/\/www.lxelectriccars.com\/nb\/\" class=\"\" rel=\"bookmark\">Les mer &raquo;<span class=\"screen-reader-text\">om<\/span><\/a><\/p>","protected":false},"author":1,"featured_media":0,"parent":0,"menu_order":0,"comment_status":"closed","ping_status":"closed","template":"","meta":{"_seopress_robots_primary_cat":"","neve_meta_sidebar":"","neve_meta_container":"","neve_meta_enable_content_width":"off","neve_meta_content_width":100,"neve_meta_title_alignment":"","neve_meta_author_avatar":"","neve_post_elements_order":"","neve_meta_disable_header":"","neve_meta_disable_footer":"","neve_meta_disable_title":"","ngg_post_thumbnail":0,"footnotes":""},"class_list":["post-130","page","type-page","status-publish","hentry"],"_links":{"self":[{"href":"https:\/\/www.lxelectriccars.com\/nb\/wp-json\/wp\/v2\/pages\/130","targetHints":{"allow":["GET"]}}],"collection":[{"href":"https:\/\/www.lxelectriccars.com\/nb\/wp-json\/wp\/v2\/pages"}],"about":[{"href":"https:\/\/www.lxelectriccars.com\/nb\/wp-json\/wp\/v2\/types\/page"}],"author":[{"embeddable":true,"href":"https:\/\/www.lxelectriccars.com\/nb\/wp-json\/wp\/v2\/users\/1"}],"replies":[{"embeddable":true,"href":"https:\/\/www.lxelectriccars.com\/nb\/wp-json\/wp\/v2\/comments?post=130"}],"version-history":[{"count":8,"href":"https:\/\/www.lxelectriccars.com\/nb\/wp-json\/wp\/v2\/pages\/130\/revisions"}],"predecessor-version":[{"id":208,"href":"https:\/\/www.lxelectriccars.com\/nb\/wp-json\/wp\/v2\/pages\/130\/revisions\/208"}],"wp:attachment":[{"href":"https:\/\/www.lxelectriccars.com\/nb\/wp-json\/wp\/v2\/media?parent=130"}],"curies":[{"name":"wp","href":"https:\/\/api.w.org\/{rel}","templated":true}]}}