{"id":130,"date":"2023-08-27T14:20:50","date_gmt":"2023-08-27T06:20:50","guid":{"rendered":"https:\/\/www.lxelectriccars.com\/?page_id=130"},"modified":"2023-08-27T18:20:50","modified_gmt":"2023-08-27T10:20:50","slug":"about","status":"publish","type":"page","link":"https:\/\/www.lxelectriccars.com\/pl\/","title":{"rendered":"o"},"content":{"rendered":"<p><img loading=\"lazy\" decoding=\"async\" class=\"size-full wp-image-138 aligncenter\" src=\"http:\/\/www.lxelectriccars.com\/wp-content\/uploads\/2023\/08\/banner-of-electric-cars.jpg\" alt=\"baner samochod\u00f3w elektrycznych\" width=\"800\" height=\"534\" srcset=\"https:\/\/www.lxelectriccars.com\/wp-content\/uploads\/2023\/08\/banner-of-electric-cars.jpg 800w, https:\/\/www.lxelectriccars.com\/wp-content\/uploads\/2023\/08\/banner-of-electric-cars-300x200.jpg 300w, https:\/\/www.lxelectriccars.com\/wp-content\/uploads\/2023\/08\/banner-of-electric-cars-768x513.jpg 768w\" sizes=\"auto, (max-width: 800px) 100vw, 800px\" \/><\/p>\n<p>Jeste\u015bmy pionierem w bran\u017cy samochod\u00f3w elektrycznych, kt\u00f3ry na nowo definiuje technologi\u0119 motoryzacyjn\u0105 dzi\u0119ki swoim prze\u0142omowym samochodom elektrycznym. Dzi\u0119ki silnej wierze w zr\u00f3wnowa\u017cony rozw\u00f3j i innowacje, nap\u0119dzamy transformacj\u0119 w kierunku bardziej ekologicznej przysz\u0142o\u015bci.<\/p>\n<h3>Nasza wizja<\/h3>\n<p>Nasz\u0105 wizj\u0105 jest zak\u0142\u00f3cenie konwencjonalnego przemys\u0142u transportowego poprzez wprowadzenie przyst\u0119pnych cenowo, wysokiej jako\u015bci pojazd\u00f3w elektrycznych. Wyobra\u017camy sobie \u015bwiat, w kt\u00f3rym transport nie jest ju\u017c czynnikiem przyczyniaj\u0105cym si\u0119 do degradacji \u015brodowiska, ale rozwi\u0105zaniem.<\/p>\n<h3>Nasza oferta<\/h3>\n<p>Nasza oferta produkt\u00f3w jest zr\u00f3\u017cnicowana, od kompaktowych samochod\u00f3w do codziennego u\u017cytku po pojazdy u\u017cytkowe dla firm. Ka\u017cdy z naszych samochod\u00f3w jest \u015bwiadectwem naszego zaanga\u017cowania w jako\u015b\u0107, innowacyjno\u015b\u0107 i zr\u00f3wnowa\u017cony rozw\u00f3j. Nasze samochody elektryczne oferuj\u0105 liczne zalety w por\u00f3wnaniu z tradycyjnymi pojazdami, w tym ni\u017csze koszty eksploatacji i konserwacji, zerow\u0105 emisj\u0119 spalin oraz cichsz\u0105 i p\u0142ynniejsz\u0105 jazd\u0119.<\/p>\n<h3>Nasze innowacje<\/h3>\n<p>Nieustannie przesuwamy granice tego, co jest mo\u017cliwe w technologii samochod\u00f3w elektrycznych. Nasze zespo\u0142y aktywnie pracuj\u0105 nad post\u0119pami w zakresie \u017cywotno\u015bci baterii, szybko\u015bci \u0142adowania i mo\u017cliwo\u015bci autonomicznej jazdy.<\/p>\n<h3>Rozw\u00f3j infrastruktury<\/h3>\n<p>Uznaj\u0105c potrzeb\u0119 posiadania infrastruktury wspieraj\u0105cej, inwestujemy w rozw\u00f3j stacji \u0142adowania samochod\u00f3w elektrycznych w ca\u0142ym kraju. Naszym celem jest zapewnienie, \u017ce posiadanie i u\u017cytkowanie samochodu elektrycznego b\u0119dzie tak samo wygodne, jak samochodu konwencjonalnego.<\/p>\n<h3>Uznanie<\/h3>\n<p>Nasze wysi\u0142ki nie pozosta\u0142y niezauwa\u017cone. Otrzymali\u015bmy wyr\u00f3\u017cnienia od organ\u00f3w bran\u017cowych za nasze innowacyjne projekty i najnowocze\u015bniejsz\u0105 technologi\u0119.<\/p>\n<h3>Przysz\u0142o\u015b\u0107<\/h3>\n<p>Jeste\u015bmy podekscytowani przysz\u0142o\u015bci\u0105. Kontynuuj\u0105c wprowadzanie innowacji i rozw\u00f3j, wierzymy, \u017ce powszechne przyj\u0119cie samochod\u00f3w elektrycznych jest nie tylko mo\u017cliwe, ale nieuniknione. Podsumowuj\u0105c, jeste\u015bmy czym\u015b wi\u0119cej ni\u017c tylko firm\u0105 motoryzacyjn\u0105. Jeste\u015bmy zespo\u0142em wizjoner\u00f3w, innowator\u00f3w i stra\u017cnik\u00f3w \u015brodowiska, zaanga\u017cowanych w tworzenie zr\u00f3wnowa\u017conej przysz\u0142o\u015bci. Patrz\u0105c w przysz\u0142o\u015b\u0107, jeste\u015bmy zobowi\u0105zani do kontynuowania naszej misji przekszta\u0142cania transportu. Jeste\u015bmy podekscytowani mo\u017cliwo\u015bciami oferowanymi przez post\u0119py w technologii akumulator\u00f3w, autonomiczn\u0105 jazd\u0119 i energi\u0119 odnawialn\u0105, stacje \u0142adowania samochod\u00f3w elektrycznych i zobowi\u0105zujemy si\u0119 do w\u0142\u0105czenia tych osi\u0105gni\u0119\u0107 do naszych przysz\u0142ych modeli. Naszym celem jest nie tylko produkcja samochod\u00f3w elektrycznych, ale tak\u017ce stworzenie zr\u00f3wnowa\u017conego ekosystemu transportu, kt\u00f3ry przyniesie korzy\u015bci wszystkim.<\/p>","protected":false},"excerpt":{"rendered":"<p>we are a pioneer in the electric cars industry, is redefining automobile technology with its ground-breaking electric cars. With a firm belief in sustainability and innovation, we are driving the transformation towards a greener future. Our Vision Our vision is to disrupt the conventional transportation industry by introducing affordable, high-quality electric vehicles. We envision a&hellip;&nbsp;<a href=\"https:\/\/www.lxelectriccars.com\/pl\/\" class=\"\" rel=\"bookmark\">Czytaj dalej &raquo;<span class=\"screen-reader-text\">o<\/span><\/a><\/p>","protected":false},"author":1,"featured_media":0,"parent":0,"menu_order":0,"comment_status":"closed","ping_status":"closed","template":"","meta":{"_seopress_robots_primary_cat":"","neve_meta_sidebar":"","neve_meta_container":"","neve_meta_enable_content_width":"off","neve_meta_content_width":100,"neve_meta_title_alignment":"","neve_meta_author_avatar":"","neve_post_elements_order":"","neve_meta_disable_header":"","neve_meta_disable_footer":"","neve_meta_disable_title":"","ngg_post_thumbnail":0,"footnotes":""},"class_list":["post-130","page","type-page","status-publish","hentry"],"_links":{"self":[{"href":"https:\/\/www.lxelectriccars.com\/pl\/wp-json\/wp\/v2\/pages\/130","targetHints":{"allow":["GET"]}}],"collection":[{"href":"https:\/\/www.lxelectriccars.com\/pl\/wp-json\/wp\/v2\/pages"}],"about":[{"href":"https:\/\/www.lxelectriccars.com\/pl\/wp-json\/wp\/v2\/types\/page"}],"author":[{"embeddable":true,"href":"https:\/\/www.lxelectriccars.com\/pl\/wp-json\/wp\/v2\/users\/1"}],"replies":[{"embeddable":true,"href":"https:\/\/www.lxelectriccars.com\/pl\/wp-json\/wp\/v2\/comments?post=130"}],"version-history":[{"count":8,"href":"https:\/\/www.lxelectriccars.com\/pl\/wp-json\/wp\/v2\/pages\/130\/revisions"}],"predecessor-version":[{"id":208,"href":"https:\/\/www.lxelectriccars.com\/pl\/wp-json\/wp\/v2\/pages\/130\/revisions\/208"}],"wp:attachment":[{"href":"https:\/\/www.lxelectriccars.com\/pl\/wp-json\/wp\/v2\/media?parent=130"}],"curies":[{"name":"wp","href":"https:\/\/api.w.org\/{rel}","templated":true}]}}