{"id":130,"date":"2023-08-27T14:20:50","date_gmt":"2023-08-27T06:20:50","guid":{"rendered":"https:\/\/www.lxelectriccars.com\/?page_id=130"},"modified":"2023-08-27T18:20:50","modified_gmt":"2023-08-27T10:20:50","slug":"about","status":"publish","type":"page","link":"https:\/\/www.lxelectriccars.com\/pt\/","title":{"rendered":"sobre"},"content":{"rendered":"<p><img loading=\"lazy\" decoding=\"async\" class=\"size-full wp-image-138 aligncenter\" src=\"http:\/\/www.lxelectriccars.com\/wp-content\/uploads\/2023\/08\/banner-of-electric-cars.jpg\" alt=\"bandeira dos carros el\u00e9tricos\" width=\"800\" height=\"534\" srcset=\"https:\/\/www.lxelectriccars.com\/wp-content\/uploads\/2023\/08\/banner-of-electric-cars.jpg 800w, https:\/\/www.lxelectriccars.com\/wp-content\/uploads\/2023\/08\/banner-of-electric-cars-300x200.jpg 300w, https:\/\/www.lxelectriccars.com\/wp-content\/uploads\/2023\/08\/banner-of-electric-cars-768x513.jpg 768w\" sizes=\"auto, (max-width: 800px) 100vw, 800px\" \/><\/p>\n<p>A KPMG, uma empresa pioneira no setor de carros el\u00e9tricos, est\u00e1 redefinindo a tecnologia automotiva com seus carros el\u00e9tricos inovadores. Com uma firme cren\u00e7a na sustentabilidade e na inova\u00e7\u00e3o, estamos conduzindo a transforma\u00e7\u00e3o para um futuro mais verde.<\/p>\n<h3>Nossa vis\u00e3o<\/h3>\n<p>Nossa vis\u00e3o \u00e9 revolucionar o setor de transporte convencional com a introdu\u00e7\u00e3o de ve\u00edculos el\u00e9tricos acess\u00edveis e de alta qualidade. Imaginamos um mundo em que o transporte n\u00e3o seja mais um contribuinte para a degrada\u00e7\u00e3o ambiental, mas uma solu\u00e7\u00e3o para ela.<\/p>\n<h3>Nossa oferta<\/h3>\n<p>Nossa linha de produtos \u00e9 diversificada, variando de carros compactos para uso di\u00e1rio a ve\u00edculos comerciais para empresas. Nossos carros el\u00e9tricos oferecem in\u00fameras vantagens em rela\u00e7\u00e3o aos ve\u00edculos tradicionais, incluindo menores custos de opera\u00e7\u00e3o e manuten\u00e7\u00e3o, zero emiss\u00f5es e uma experi\u00eancia de dire\u00e7\u00e3o mais silenciosa e suave.<\/p>\n<h3>Nossas inova\u00e7\u00f5es<\/h3>\n<p>Estamos continuamente ampliando os limites do que \u00e9 poss\u00edvel na tecnologia de carros el\u00e9tricos. Nossas equipes est\u00e3o trabalhando ativamente em avan\u00e7os na longevidade da bateria, na velocidade de carregamento e nos recursos de dire\u00e7\u00e3o aut\u00f4noma.<\/p>\n<h3>Desenvolvimento de infraestrutura<\/h3>\n<p>Reconhecendo a necessidade de infraestrutura de apoio, estamos investindo no desenvolvimento de esta\u00e7\u00f5es de carregamento de carros el\u00e9tricos em todo o pa\u00eds. Nosso objetivo \u00e9 garantir que ter e operar um carro el\u00e9trico seja t\u00e3o conveniente quanto um carro convencional.<\/p>\n<h3>Reconhecimento<\/h3>\n<p>Nossos esfor\u00e7os n\u00e3o passaram despercebidos. Recebemos elogios de \u00f3rg\u00e3os do setor por nossos projetos inovadores e tecnologia de ponta.<\/p>\n<h3>O futuro<\/h3>\n<p>Estamos entusiasmados com o futuro. \u00c0 medida que continuamos a inovar e a crescer, acreditamos que a ado\u00e7\u00e3o generalizada de carros el\u00e9tricos n\u00e3o \u00e9 apenas poss\u00edvel, mas inevit\u00e1vel. Somos uma equipe de vision\u00e1rios, inovadores e administradores ambientais, dedicados a criar um futuro sustent\u00e1vel. Ao olharmos para o futuro, temos o compromisso de continuar nossa miss\u00e3o de transformar o transporte. Estamos entusiasmados com as possibilidades oferecidas pelos avan\u00e7os na tecnologia de baterias, dire\u00e7\u00e3o aut\u00f4noma e energia renov\u00e1vel, esta\u00e7\u00f5es de recarga de carros el\u00e9tricos, e estamos comprometidos em integrar esses desenvolvimentos em nossos modelos futuros. Nosso objetivo n\u00e3o \u00e9 apenas produzir carros el\u00e9tricos, mas criar um ecossistema de transporte sustent\u00e1vel que beneficie a todos.<\/p>","protected":false},"excerpt":{"rendered":"<p>we are a pioneer in the electric cars industry, is redefining automobile technology with its ground-breaking electric cars. With a firm belief in sustainability and innovation, we are driving the transformation towards a greener future. Our Vision Our vision is to disrupt the conventional transportation industry by introducing affordable, high-quality electric vehicles. We envision a&hellip;&nbsp;<a href=\"https:\/\/www.lxelectriccars.com\/pt\/\" class=\"\" rel=\"bookmark\">Continue a ler &raquo;<span class=\"screen-reader-text\">sobre<\/span><\/a><\/p>","protected":false},"author":1,"featured_media":0,"parent":0,"menu_order":0,"comment_status":"closed","ping_status":"closed","template":"","meta":{"_seopress_robots_primary_cat":"","neve_meta_sidebar":"","neve_meta_container":"","neve_meta_enable_content_width":"off","neve_meta_content_width":100,"neve_meta_title_alignment":"","neve_meta_author_avatar":"","neve_post_elements_order":"","neve_meta_disable_header":"","neve_meta_disable_footer":"","neve_meta_disable_title":"","ngg_post_thumbnail":0,"footnotes":""},"class_list":["post-130","page","type-page","status-publish","hentry"],"_links":{"self":[{"href":"https:\/\/www.lxelectriccars.com\/pt\/wp-json\/wp\/v2\/pages\/130","targetHints":{"allow":["GET"]}}],"collection":[{"href":"https:\/\/www.lxelectriccars.com\/pt\/wp-json\/wp\/v2\/pages"}],"about":[{"href":"https:\/\/www.lxelectriccars.com\/pt\/wp-json\/wp\/v2\/types\/page"}],"author":[{"embeddable":true,"href":"https:\/\/www.lxelectriccars.com\/pt\/wp-json\/wp\/v2\/users\/1"}],"replies":[{"embeddable":true,"href":"https:\/\/www.lxelectriccars.com\/pt\/wp-json\/wp\/v2\/comments?post=130"}],"version-history":[{"count":8,"href":"https:\/\/www.lxelectriccars.com\/pt\/wp-json\/wp\/v2\/pages\/130\/revisions"}],"predecessor-version":[{"id":208,"href":"https:\/\/www.lxelectriccars.com\/pt\/wp-json\/wp\/v2\/pages\/130\/revisions\/208"}],"wp:attachment":[{"href":"https:\/\/www.lxelectriccars.com\/pt\/wp-json\/wp\/v2\/media?parent=130"}],"curies":[{"name":"wp","href":"https:\/\/api.w.org\/{rel}","templated":true}]}}