{"id":130,"date":"2023-08-27T14:20:50","date_gmt":"2023-08-27T06:20:50","guid":{"rendered":"https:\/\/www.lxelectriccars.com\/?page_id=130"},"modified":"2023-08-27T18:20:50","modified_gmt":"2023-08-27T10:20:50","slug":"about","status":"publish","type":"page","link":"https:\/\/www.lxelectriccars.com\/pt_pt\/","title":{"rendered":"sobre"},"content":{"rendered":"<p><img loading=\"lazy\" decoding=\"async\" class=\"size-full wp-image-138 aligncenter\" src=\"http:\/\/www.lxelectriccars.com\/wp-content\/uploads\/2023\/08\/banner-of-electric-cars.jpg\" alt=\"bandeira dos autom\u00f3veis el\u00e9ctricos\" width=\"800\" height=\"534\" srcset=\"https:\/\/www.lxelectriccars.com\/wp-content\/uploads\/2023\/08\/banner-of-electric-cars.jpg 800w, https:\/\/www.lxelectriccars.com\/wp-content\/uploads\/2023\/08\/banner-of-electric-cars-300x200.jpg 300w, https:\/\/www.lxelectriccars.com\/wp-content\/uploads\/2023\/08\/banner-of-electric-cars-768x513.jpg 768w\" sizes=\"auto, (max-width: 800px) 100vw, 800px\" \/><\/p>\n<p>a nossa empresa \u00e9 pioneira na ind\u00fastria dos autom\u00f3veis el\u00e9ctricos e est\u00e1 a redefinir a tecnologia autom\u00f3vel com os seus autom\u00f3veis el\u00e9ctricos inovadores. Com uma firme convic\u00e7\u00e3o na sustentabilidade e na inova\u00e7\u00e3o, estamos a conduzir a transforma\u00e7\u00e3o para um futuro mais verde.<\/p>\n<h3>A nossa vis\u00e3o<\/h3>\n<p>A nossa vis\u00e3o \u00e9 perturbar a ind\u00fastria dos transportes convencionais atrav\u00e9s da introdu\u00e7\u00e3o de ve\u00edculos el\u00e9ctricos de alta qualidade e a pre\u00e7os acess\u00edveis. Imaginamos um mundo onde os transportes j\u00e1 n\u00e3o contribuem para a degrada\u00e7\u00e3o ambiental, mas s\u00e3o uma solu\u00e7\u00e3o para a mesma.<\/p>\n<h3>A nossa oferta<\/h3>\n<p>A nossa gama de produtos \u00e9 diversificada, desde carros compactos para uso quotidiano a ve\u00edculos comerciais para empresas. Os nossos autom\u00f3veis el\u00e9ctricos oferecem in\u00fameras vantagens em rela\u00e7\u00e3o aos ve\u00edculos tradicionais, incluindo custos de funcionamento e manuten\u00e7\u00e3o mais baixos, zero emiss\u00f5es e uma experi\u00eancia de condu\u00e7\u00e3o mais silenciosa e suave.<\/p>\n<h3>As nossas inova\u00e7\u00f5es<\/h3>\n<p>Estamos continuamente a ultrapassar os limites do que \u00e9 poss\u00edvel na tecnologia dos autom\u00f3veis el\u00e9ctricos. As nossas equipas est\u00e3o a trabalhar ativamente em avan\u00e7os na longevidade das baterias, na velocidade de carregamento e nas capacidades de condu\u00e7\u00e3o aut\u00f3noma.<\/p>\n<h3>Desenvolvimento de infra-estruturas<\/h3>\n<p>Reconhecendo a necessidade de infra-estruturas de apoio, estamos a investir no desenvolvimento de esta\u00e7\u00f5es de carregamento de autom\u00f3veis el\u00e9ctricos em todo o pa\u00eds. O nosso objetivo \u00e9 assegurar que possuir e operar um carro el\u00e9trico \u00e9 t\u00e3o conveniente como um carro convencional.<\/p>\n<h3>Reconhecimento<\/h3>\n<p>Os nossos esfor\u00e7os n\u00e3o passaram despercebidos. Recebemos elogios de organismos do sector pelos nossos designs inovadores e tecnologia de ponta.<\/p>\n<h3>O futuro<\/h3>\n<p>Estamos entusiasmados com o futuro. \u00c0 medida que continuamos a inovar e a crescer, acreditamos que a ado\u00e7\u00e3o generalizada de autom\u00f3veis el\u00e9ctricos n\u00e3o \u00e9 apenas poss\u00edvel, mas inevit\u00e1vel. Somos uma equipa de vision\u00e1rios, inovadores e respons\u00e1veis pelo ambiente, dedicados a criar um futuro sustent\u00e1vel. Ao olharmos para o futuro, estamos empenhados em continuar a nossa miss\u00e3o de transformar os transportes. Estamos entusiasmados com as possibilidades oferecidas pelos avan\u00e7os na tecnologia das baterias, condu\u00e7\u00e3o aut\u00f3noma e energias renov\u00e1veis, esta\u00e7\u00f5es de carregamento de carros el\u00e9ctricos, e estamos empenhados em integrar estes desenvolvimentos nos nossos modelos futuros. O nosso objetivo n\u00e3o \u00e9 apenas produzir autom\u00f3veis el\u00e9ctricos, mas criar um ecossistema de transportes sustent\u00e1vel que beneficie todos.<\/p>","protected":false},"excerpt":{"rendered":"<p>a nossa empresa, pioneira na ind\u00fastria dos autom\u00f3veis el\u00e9ctricos, est\u00e1 a redefinir a tecnologia autom\u00f3vel com os seus autom\u00f3veis el\u00e9ctricos inovadores. Com uma firme convic\u00e7\u00e3o na sustentabilidade e inova\u00e7\u00e3o, estamos a conduzir a transforma\u00e7\u00e3o para um futuro mais verde. A nossa vis\u00e3o A nossa vis\u00e3o \u00e9 perturbar a ind\u00fastria de transportes convencional atrav\u00e9s da introdu\u00e7\u00e3o de ve\u00edculos el\u00e9ctricos acess\u00edveis e de alta qualidade. Imaginamos um...&nbsp;<a href=\"https:\/\/www.lxelectriccars.com\/pt_pt\/\" class=\"\" rel=\"bookmark\">Ler mais \u00bb<span class=\"screen-reader-text\">sobre<\/span><\/a><\/p>","protected":false},"author":1,"featured_media":0,"parent":0,"menu_order":0,"comment_status":"closed","ping_status":"closed","template":"","meta":{"_seopress_robots_primary_cat":"","neve_meta_sidebar":"","neve_meta_container":"","neve_meta_enable_content_width":"off","neve_meta_content_width":100,"neve_meta_title_alignment":"","neve_meta_author_avatar":"","neve_post_elements_order":"","neve_meta_disable_header":"","neve_meta_disable_footer":"","neve_meta_disable_title":"","ngg_post_thumbnail":0,"footnotes":""},"class_list":["post-130","page","type-page","status-publish","hentry"],"_links":{"self":[{"href":"https:\/\/www.lxelectriccars.com\/pt_pt\/wp-json\/wp\/v2\/pages\/130","targetHints":{"allow":["GET"]}}],"collection":[{"href":"https:\/\/www.lxelectriccars.com\/pt_pt\/wp-json\/wp\/v2\/pages"}],"about":[{"href":"https:\/\/www.lxelectriccars.com\/pt_pt\/wp-json\/wp\/v2\/types\/page"}],"author":[{"embeddable":true,"href":"https:\/\/www.lxelectriccars.com\/pt_pt\/wp-json\/wp\/v2\/users\/1"}],"replies":[{"embeddable":true,"href":"https:\/\/www.lxelectriccars.com\/pt_pt\/wp-json\/wp\/v2\/comments?post=130"}],"version-history":[{"count":8,"href":"https:\/\/www.lxelectriccars.com\/pt_pt\/wp-json\/wp\/v2\/pages\/130\/revisions"}],"predecessor-version":[{"id":208,"href":"https:\/\/www.lxelectriccars.com\/pt_pt\/wp-json\/wp\/v2\/pages\/130\/revisions\/208"}],"wp:attachment":[{"href":"https:\/\/www.lxelectriccars.com\/pt_pt\/wp-json\/wp\/v2\/media?parent=130"}],"curies":[{"name":"wp","href":"https:\/\/api.w.org\/{rel}","templated":true}]}}