{"id":130,"date":"2023-08-27T14:20:50","date_gmt":"2023-08-27T06:20:50","guid":{"rendered":"https:\/\/www.lxelectriccars.com\/?page_id=130"},"modified":"2023-08-27T18:20:50","modified_gmt":"2023-08-27T10:20:50","slug":"about","status":"publish","type":"page","link":"https:\/\/www.lxelectriccars.com\/ro\/","title":{"rendered":"despre"},"content":{"rendered":"<p><img loading=\"lazy\" decoding=\"async\" class=\"size-full wp-image-138 aligncenter\" src=\"http:\/\/www.lxelectriccars.com\/wp-content\/uploads\/2023\/08\/banner-of-electric-cars.jpg\" alt=\"bannerul ma\u0219inilor electrice\" width=\"800\" height=\"534\" srcset=\"https:\/\/www.lxelectriccars.com\/wp-content\/uploads\/2023\/08\/banner-of-electric-cars.jpg 800w, https:\/\/www.lxelectriccars.com\/wp-content\/uploads\/2023\/08\/banner-of-electric-cars-300x200.jpg 300w, https:\/\/www.lxelectriccars.com\/wp-content\/uploads\/2023\/08\/banner-of-electric-cars-768x513.jpg 768w\" sizes=\"auto, (max-width: 800px) 100vw, 800px\" \/><\/p>\n<p>suntem un pionier \u00een industria automobilelor electrice \u0219i redefinim tehnologia auto cu automobilele noastre electrice revolu\u021bionare. Cu o credin\u021b\u0103 ferm\u0103 \u00een durabilitate \u0219i inova\u021bie, suntem motorul transform\u0103rii c\u0103tre un viitor mai ecologic.<\/p>\n<h3>Viziunea noastr\u0103<\/h3>\n<p>Viziunea noastr\u0103 este de a perturba industria de transport conven\u021bional\u0103 prin introducerea de vehicule electrice accesibile \u0219i de \u00eenalt\u0103 calitate. Ne imagin\u0103m o lume \u00een care transportul nu mai contribuie la degradarea mediului, ci reprezint\u0103 o solu\u021bie la aceasta.<\/p>\n<h3>Oferta noastr\u0103<\/h3>\n<p>Gama noastr\u0103 de produse este divers\u0103, variind de la ma\u0219ini compacte pentru uz zilnic la vehicule comerciale pentru \u00eentreprinderi. Fiecare dintre ma\u0219inile noastre este o dovad\u0103 a angajamentului nostru fa\u021b\u0103 de calitate, inova\u021bie \u0219i durabilitate.Ma\u0219inile noastre electrice ofer\u0103 numeroase avantaje fa\u021b\u0103 de vehiculele tradi\u021bionale, inclusiv costuri mai mici de func\u021bionare \u0219i \u00eentre\u021binere, zero emisii \u0219i o experien\u021b\u0103 de conducere mai silen\u021bioas\u0103 \u0219i mai lin\u0103.<\/p>\n<h3>Inova\u021biile noastre<\/h3>\n<p>Dep\u0103\u0219im \u00een permanen\u021b\u0103 limitele a ceea ce este posibil \u00een tehnologia automobilelor electrice. Echipele noastre lucreaz\u0103 \u00een mod activ la progrese \u00een ceea ce prive\u0219te longevitatea bateriei, viteza de \u00eenc\u0103rcare \u0219i capacit\u0103\u021bile de conducere autonom\u0103.<\/p>\n<h3>Dezvoltarea infrastructurii<\/h3>\n<p>Recunosc\u00e2nd nevoia de infrastructur\u0103 de sprijin, investim \u00een dezvoltarea de sta\u021bii de \u00eenc\u0103rcare a ma\u0219inilor electrice \u00een \u00eentreaga \u021bar\u0103. Scopul nostru este s\u0103 ne asigur\u0103m c\u0103 de\u021binerea \u0219i utilizarea unei ma\u0219ini electrice este la fel de convenabil\u0103 ca a unei ma\u0219ini conven\u021bionale.<\/p>\n<h3>Recunoa\u0219tere<\/h3>\n<p>Eforturile noastre nu au trecut neobservate. Am primit aprecieri din partea organismelor din industrie pentru modelele noastre inovatoare \u0219i tehnologia de ultim\u0103 or\u0103.<\/p>\n<h3>Viitorul<\/h3>\n<p>Suntem \u00eenc\u00e2nta\u021bi de viitor. Pe m\u0103sur\u0103 ce continu\u0103m s\u0103 inov\u0103m \u0219i s\u0103 cre\u0219tem, credem c\u0103 adoptarea pe scar\u0103 larg\u0103 a ma\u0219inilor electrice nu este doar posibil\u0103, ci \u0219i inevitabil\u0103.\u00cen concluzie, suntem mai mult dec\u00e2t o simpl\u0103 companie de automobile. Suntem o echip\u0103 de vizionari, inovatori \u0219i protectori ai mediului, dedica\u021bi cre\u0103rii unui viitor durabil.\u00cen timp ce privim spre viitor, ne angaj\u0103m s\u0103 ne continu\u0103m misiunea de a transforma transportul. Suntem entuziasma\u021bi de posibilit\u0103\u021bile oferite de progresele \u00een tehnologia bateriilor, conducerea autonom\u0103 \u0219i energia regenerabil\u0103, sta\u021biile de \u00eenc\u0103rcare a ma\u0219inilor electrice,\u0219i ne angaj\u0103m s\u0103 integr\u0103m aceste evolu\u021bii \u00een modelele noastre viitoare. Scopul nostru nu este doar de a produce ma\u0219ini electrice, ci \u0219i de a crea un ecosistem de transport sustenabil de care s\u0103 beneficieze toat\u0103 lumea.<\/p>","protected":false},"excerpt":{"rendered":"<p>we are a pioneer in the electric cars industry, is redefining automobile technology with its ground-breaking electric cars. With a firm belief in sustainability and innovation, we are driving the transformation towards a greener future. Our Vision Our vision is to disrupt the conventional transportation industry by introducing affordable, high-quality electric vehicles. We envision a&hellip;&nbsp;<a href=\"https:\/\/www.lxelectriccars.com\/ro\/\" class=\"\" rel=\"bookmark\">Cite\u0219te mai mult &raquo;<span class=\"screen-reader-text\">despre<\/span><\/a><\/p>","protected":false},"author":1,"featured_media":0,"parent":0,"menu_order":0,"comment_status":"closed","ping_status":"closed","template":"","meta":{"_seopress_robots_primary_cat":"","neve_meta_sidebar":"","neve_meta_container":"","neve_meta_enable_content_width":"off","neve_meta_content_width":100,"neve_meta_title_alignment":"","neve_meta_author_avatar":"","neve_post_elements_order":"","neve_meta_disable_header":"","neve_meta_disable_footer":"","neve_meta_disable_title":"","ngg_post_thumbnail":0,"footnotes":""},"class_list":["post-130","page","type-page","status-publish","hentry"],"_links":{"self":[{"href":"https:\/\/www.lxelectriccars.com\/ro\/wp-json\/wp\/v2\/pages\/130","targetHints":{"allow":["GET"]}}],"collection":[{"href":"https:\/\/www.lxelectriccars.com\/ro\/wp-json\/wp\/v2\/pages"}],"about":[{"href":"https:\/\/www.lxelectriccars.com\/ro\/wp-json\/wp\/v2\/types\/page"}],"author":[{"embeddable":true,"href":"https:\/\/www.lxelectriccars.com\/ro\/wp-json\/wp\/v2\/users\/1"}],"replies":[{"embeddable":true,"href":"https:\/\/www.lxelectriccars.com\/ro\/wp-json\/wp\/v2\/comments?post=130"}],"version-history":[{"count":8,"href":"https:\/\/www.lxelectriccars.com\/ro\/wp-json\/wp\/v2\/pages\/130\/revisions"}],"predecessor-version":[{"id":208,"href":"https:\/\/www.lxelectriccars.com\/ro\/wp-json\/wp\/v2\/pages\/130\/revisions\/208"}],"wp:attachment":[{"href":"https:\/\/www.lxelectriccars.com\/ro\/wp-json\/wp\/v2\/media?parent=130"}],"curies":[{"name":"wp","href":"https:\/\/api.w.org\/{rel}","templated":true}]}}