{"id":130,"date":"2023-08-27T14:20:50","date_gmt":"2023-08-27T06:20:50","guid":{"rendered":"https:\/\/www.lxelectriccars.com\/?page_id=130"},"modified":"2023-08-27T18:20:50","modified_gmt":"2023-08-27T10:20:50","slug":"about","status":"publish","type":"page","link":"https:\/\/www.lxelectriccars.com\/sk\/","title":{"rendered":"o"},"content":{"rendered":"<p><img loading=\"lazy\" decoding=\"async\" class=\"size-full wp-image-138 aligncenter\" src=\"http:\/\/www.lxelectriccars.com\/wp-content\/uploads\/2023\/08\/banner-of-electric-cars.jpg\" alt=\"banner elektromobilov\" width=\"800\" height=\"534\" srcset=\"https:\/\/www.lxelectriccars.com\/wp-content\/uploads\/2023\/08\/banner-of-electric-cars.jpg 800w, https:\/\/www.lxelectriccars.com\/wp-content\/uploads\/2023\/08\/banner-of-electric-cars-300x200.jpg 300w, https:\/\/www.lxelectriccars.com\/wp-content\/uploads\/2023\/08\/banner-of-electric-cars-768x513.jpg 768w\" sizes=\"auto, (max-width: 800px) 100vw, 800px\" \/><\/p>\n<p>sme priekopn\u00edkom v oblasti elektromobilov a svojimi revolu\u010dn\u00fdmi elektromobilmi nanovo definujeme automobilov\u00fa technol\u00f3giu. S pevnou vierou v udr\u017eate\u013enos\u0165 a inov\u00e1cie sme hnacou silou transform\u00e1cie smerom k ekologickej\u0161ej bud\u00facnosti.<\/p>\n<h3>Na\u0161a v\u00edzia<\/h3>\n<p>Na\u0161ou v\u00edziou je naru\u0161i\u0165 tradi\u010dn\u00fd dopravn\u00fd priemysel zaveden\u00edm cenovo dostupn\u00fdch a vysokokvalitn\u00fdch elektrick\u00fdch vozidiel. Predstavujeme si svet, v ktorom doprava u\u017e nebude prispieva\u0165 k zhor\u0161ovaniu \u017eivotn\u00e9ho prostredia, ale bude jeho rie\u0161en\u00edm.<\/p>\n<h3>Na\u0161a ponuka<\/h3>\n<p>N\u00e1\u0161 sortiment je r\u00f4znorod\u00fd, od kompaktn\u00fdch vozidiel na ka\u017edodenn\u00e9 pou\u017e\u00edvanie a\u017e po \u00fa\u017eitkov\u00e9 vozidl\u00e1 pre podniky. Ka\u017ed\u00fd z na\u0161ich automobilov je d\u00f4kazom n\u00e1\u0161ho z\u00e1v\u00e4zku ku kvalite, inov\u00e1ci\u00e1m a udr\u017eate\u013enosti.Na\u0161e elektromobily pon\u00fakaj\u00fa oproti tradi\u010dn\u00fdm vozidl\u00e1m mno\u017estvo v\u00fdhod vr\u00e1tane ni\u017e\u0161\u00edch n\u00e1kladov na prev\u00e1dzku a \u00fadr\u017ebu, nulov\u00fdch emisi\u00ed a tich\u0161ej a plynulej\u0161ej jazdy.<\/p>\n<h3>Na\u0161e inov\u00e1cie<\/h3>\n<p>Neust\u00e1le pos\u00favame hranice mo\u017enost\u00ed technol\u00f3gie elektrick\u00fdch vozidiel. Na\u0161e t\u00edmy akt\u00edvne pracuj\u00fa na pokrokoch v oblasti v\u00fddr\u017ee bat\u00e9ri\u00ed, r\u00fdchlosti nab\u00edjania a mo\u017enost\u00ed auton\u00f3mnej jazdy.<\/p>\n<h3>Rozvoj infra\u0161trukt\u00fary<\/h3>\n<p>Ke\u010f\u017ee si uvedomujeme potrebu podpornej infra\u0161trukt\u00fary, investujeme do rozvoja nab\u00edjac\u00edch stan\u00edc pre elektromobily v celej krajine. Na\u0161\u00edm cie\u013eom je zabezpe\u010di\u0165, aby vlastn\u00edctvo a prev\u00e1dzka elektromobilov boli rovnako pohodln\u00e9 ako konven\u010dn\u00e9 vozidl\u00e1.<\/p>\n<h3>Uznanie<\/h3>\n<p>Na\u0161e \u00fasilie nezostalo bez pov\u0161imnutia. Od priemyseln\u00fdch org\u00e1nov sme z\u00edskali ocenenia za na\u0161e inovat\u00edvne n\u00e1vrhy a \u0161pi\u010dkov\u00e9 technol\u00f3gie.<\/p>\n<h3>Bud\u00facnos\u0165<\/h3>\n<p>Te\u0161\u00edme sa na bud\u00facnos\u0165. Ke\u010f\u017ee pokra\u010dujeme v inov\u00e1ci\u00e1ch a raste, ver\u00edme, \u017ee \u0161irok\u00e9 roz\u0161\u00edrenie elektromobilov je nielen mo\u017en\u00e9, ale aj nevyhnutn\u00e9.Na z\u00e1ver chcem poveda\u0165, \u017ee sme viac ako len automobilov\u00e1 spolo\u010dnos\u0165. Sme t\u00edm vizion\u00e1rov, inov\u00e1torov a spr\u00e1vcov \u017eivotn\u00e9ho prostredia, ktor\u00ed sa venuj\u00fa vytv\u00e1raniu udr\u017eate\u013enej bud\u00facnosti. pri poh\u013eade do bud\u00facnosti sme odhodlan\u00ed pokra\u010dova\u0165 v na\u0161ej misii transform\u00e1cie dopravy. Sme nad\u0161en\u00ed mo\u017enos\u0165ami, ktor\u00e9 pon\u00fakaj\u00fa pokroky v oblasti bat\u00e9riov\u00fdch technol\u00f3gi\u00ed, auton\u00f3mneho riadenia a obnovite\u013en\u00fdch zdrojov energie, nab\u00edjac\u00edch stan\u00edc pre elektromobily,a sme odhodlan\u00ed integrova\u0165 tento v\u00fdvoj do na\u0161ich bud\u00facich modelov. Na\u0161\u00edm cie\u013eom nie je len vyr\u00e1ba\u0165 elektromobily, ale vytvori\u0165 udr\u017eate\u013en\u00fd dopravn\u00fd ekosyst\u00e9m, z ktor\u00e9ho bud\u00fa ma\u0165 prospech v\u0161etci.<\/p>","protected":false},"excerpt":{"rendered":"<p>we are a pioneer in the electric cars industry, is redefining automobile technology with its ground-breaking electric cars. With a firm belief in sustainability and innovation, we are driving the transformation towards a greener future. Our Vision Our vision is to disrupt the conventional transportation industry by introducing affordable, high-quality electric vehicles. We envision a&hellip;&nbsp;<a href=\"https:\/\/www.lxelectriccars.com\/sk\/\" class=\"\" rel=\"bookmark\">\u010c\u00edta\u0165 viac &raquo;<span class=\"screen-reader-text\">o<\/span><\/a><\/p>","protected":false},"author":1,"featured_media":0,"parent":0,"menu_order":0,"comment_status":"closed","ping_status":"closed","template":"","meta":{"_seopress_robots_primary_cat":"","neve_meta_sidebar":"","neve_meta_container":"","neve_meta_enable_content_width":"off","neve_meta_content_width":100,"neve_meta_title_alignment":"","neve_meta_author_avatar":"","neve_post_elements_order":"","neve_meta_disable_header":"","neve_meta_disable_footer":"","neve_meta_disable_title":"","ngg_post_thumbnail":0,"footnotes":""},"class_list":["post-130","page","type-page","status-publish","hentry"],"_links":{"self":[{"href":"https:\/\/www.lxelectriccars.com\/sk\/wp-json\/wp\/v2\/pages\/130","targetHints":{"allow":["GET"]}}],"collection":[{"href":"https:\/\/www.lxelectriccars.com\/sk\/wp-json\/wp\/v2\/pages"}],"about":[{"href":"https:\/\/www.lxelectriccars.com\/sk\/wp-json\/wp\/v2\/types\/page"}],"author":[{"embeddable":true,"href":"https:\/\/www.lxelectriccars.com\/sk\/wp-json\/wp\/v2\/users\/1"}],"replies":[{"embeddable":true,"href":"https:\/\/www.lxelectriccars.com\/sk\/wp-json\/wp\/v2\/comments?post=130"}],"version-history":[{"count":8,"href":"https:\/\/www.lxelectriccars.com\/sk\/wp-json\/wp\/v2\/pages\/130\/revisions"}],"predecessor-version":[{"id":208,"href":"https:\/\/www.lxelectriccars.com\/sk\/wp-json\/wp\/v2\/pages\/130\/revisions\/208"}],"wp:attachment":[{"href":"https:\/\/www.lxelectriccars.com\/sk\/wp-json\/wp\/v2\/media?parent=130"}],"curies":[{"name":"wp","href":"https:\/\/api.w.org\/{rel}","templated":true}]}}