{"id":130,"date":"2023-08-27T14:20:50","date_gmt":"2023-08-27T06:20:50","guid":{"rendered":"https:\/\/www.lxelectriccars.com\/?page_id=130"},"modified":"2023-08-27T18:20:50","modified_gmt":"2023-08-27T10:20:50","slug":"about","status":"publish","type":"page","link":"https:\/\/www.lxelectriccars.com\/sl\/","title":{"rendered":"o"},"content":{"rendered":"<p><img loading=\"lazy\" decoding=\"async\" class=\"size-full wp-image-138 aligncenter\" src=\"http:\/\/www.lxelectriccars.com\/wp-content\/uploads\/2023\/08\/banner-of-electric-cars.jpg\" alt=\"transparent elektri\u010dnih avtomobilov\" width=\"800\" height=\"534\" srcset=\"https:\/\/www.lxelectriccars.com\/wp-content\/uploads\/2023\/08\/banner-of-electric-cars.jpg 800w, https:\/\/www.lxelectriccars.com\/wp-content\/uploads\/2023\/08\/banner-of-electric-cars-300x200.jpg 300w, https:\/\/www.lxelectriccars.com\/wp-content\/uploads\/2023\/08\/banner-of-electric-cars-768x513.jpg 768w\" sizes=\"auto, (max-width: 800px) 100vw, 800px\" \/><\/p>\n<p>smo pionir v industriji elektri\u010dnih avtomobilov, ki s svojimi revolucionarnimi elektri\u010dnimi avtomobili na novo opredeljuje avtomobilsko tehnologijo. S trdnim prepri\u010danjem o trajnosti in inovativnosti spodbujamo preobrazbo v bolj zeleno prihodnost.<\/p>\n<h3>Na\u0161a vizija<\/h3>\n<p>Na\u0161a vizija je z uvedbo cenovno dostopnih in visokokakovostnih elektri\u010dnih vozil prekiniti konvencionalno prevozno industrijo. Predstavljamo si svet, v katerem prevoz ne bo ve\u010d prispeval k degradaciji okolja, temve\u010d bo postal re\u0161itev zanjo.<\/p>\n<h3>Na\u0161a ponudba<\/h3>\n<p>Na\u0161a paleta izdelkov je raznolika, od kompaktnih avtomobilov za vsakdanjo uporabo do gospodarskih vozil za podjetja. Vsak od na\u0161ih avtomobilov je dokaz na\u0161e zavezanosti kakovosti, inovacijam in trajnosti.Na\u0161i elektri\u010dni avtomobili imajo \u0161tevilne prednosti v primerjavi s tradicionalnimi vozili, vklju\u010dno z ni\u017ejimi stro\u0161ki obratovanja in vzdr\u017eevanja, ni\u010delnimi emisijami ter ti\u0161jo in mirnej\u0161o vo\u017enjo.<\/p>\n<h3>Na\u0161e inovacije<\/h3>\n<p>Neprestano premikamo meje mogo\u010dega na podro\u010dju tehnologije elektri\u010dnih avtomobilov. Na\u0161e ekipe se aktivno ukvarjajo z napredkom na podro\u010dju vzdr\u017eljivosti baterij, hitrosti polnjenja in avtonomne vo\u017enje.<\/p>\n<h3>Razvoj infrastrukture<\/h3>\n<p>Ker se zavedamo potrebe po podporni infrastrukturi, vlagamo v razvoj polnilnih postaj za elektri\u010dne avtomobile po vsej dr\u017eavi. Na\u0161 cilj je zagotoviti, da bosta lastni\u0161tvo in upravljanje elektri\u010dnih avtomobilov enako priro\u010dna kot pri obi\u010dajnih avtomobilih.<\/p>\n<h3>Priznanje<\/h3>\n<p>Na\u0161a prizadevanja niso ostala neopa\u017eena. Industrijski organi so nam podelili priznanja za na\u0161e inovativne zasnove in vrhunsko tehnologijo.<\/p>\n<h3>Prihodnost<\/h3>\n<p>Navdu\u0161eni smo nad prihodnostjo. Z nadaljnjo inovativnostjo in rastjo verjamemo, da je \u0161iroka uporaba elektri\u010dnih avtomobilov ne le mogo\u010da, temve\u010d tudi neizogibna.Smo ve\u010d kot le avtomobilsko podjetje. Smo ekipa vizionarjev, inovatorjev in skrbnikov okolja, ki si prizadeva ustvariti trajnostno prihodnost. Navdu\u0161eni smo nad mo\u017enostmi, ki jih ponujajo napredek na podro\u010dju tehnologije baterij, avtonomne vo\u017enje in obnovljivih virov energije, polnilnih postaj za elektri\u010dne avtomobile,in se zavezujemo, da bomo ta razvoj vklju\u010dili v na\u0161e prihodnje modele. Na\u0161 cilj ni le proizvajati elektri\u010dne avtomobile, temve\u010d ustvariti trajnostni prometni ekosistem, ki bo koristil vsem.<\/p>","protected":false},"excerpt":{"rendered":"<p>we are a pioneer in the electric cars industry, is redefining automobile technology with its ground-breaking electric cars. With a firm belief in sustainability and innovation, we are driving the transformation towards a greener future. Our Vision Our vision is to disrupt the conventional transportation industry by introducing affordable, high-quality electric vehicles. We envision a&hellip;&nbsp;<a href=\"https:\/\/www.lxelectriccars.com\/sl\/\" class=\"\" rel=\"bookmark\">Preberi ve\u010d &raquo;<span class=\"screen-reader-text\">o<\/span><\/a><\/p>","protected":false},"author":1,"featured_media":0,"parent":0,"menu_order":0,"comment_status":"closed","ping_status":"closed","template":"","meta":{"_seopress_robots_primary_cat":"","neve_meta_sidebar":"","neve_meta_container":"","neve_meta_enable_content_width":"off","neve_meta_content_width":100,"neve_meta_title_alignment":"","neve_meta_author_avatar":"","neve_post_elements_order":"","neve_meta_disable_header":"","neve_meta_disable_footer":"","neve_meta_disable_title":"","ngg_post_thumbnail":0,"footnotes":""},"class_list":["post-130","page","type-page","status-publish","hentry"],"_links":{"self":[{"href":"https:\/\/www.lxelectriccars.com\/sl\/wp-json\/wp\/v2\/pages\/130","targetHints":{"allow":["GET"]}}],"collection":[{"href":"https:\/\/www.lxelectriccars.com\/sl\/wp-json\/wp\/v2\/pages"}],"about":[{"href":"https:\/\/www.lxelectriccars.com\/sl\/wp-json\/wp\/v2\/types\/page"}],"author":[{"embeddable":true,"href":"https:\/\/www.lxelectriccars.com\/sl\/wp-json\/wp\/v2\/users\/1"}],"replies":[{"embeddable":true,"href":"https:\/\/www.lxelectriccars.com\/sl\/wp-json\/wp\/v2\/comments?post=130"}],"version-history":[{"count":8,"href":"https:\/\/www.lxelectriccars.com\/sl\/wp-json\/wp\/v2\/pages\/130\/revisions"}],"predecessor-version":[{"id":208,"href":"https:\/\/www.lxelectriccars.com\/sl\/wp-json\/wp\/v2\/pages\/130\/revisions\/208"}],"wp:attachment":[{"href":"https:\/\/www.lxelectriccars.com\/sl\/wp-json\/wp\/v2\/media?parent=130"}],"curies":[{"name":"wp","href":"https:\/\/api.w.org\/{rel}","templated":true}]}}