{"id":130,"date":"2023-08-27T14:20:50","date_gmt":"2023-08-27T06:20:50","guid":{"rendered":"https:\/\/www.lxelectriccars.com\/?page_id=130"},"modified":"2023-08-27T18:20:50","modified_gmt":"2023-08-27T10:20:50","slug":"about","status":"publish","type":"page","link":"https:\/\/www.lxelectriccars.com\/sq\/","title":{"rendered":"rreth"},"content":{"rendered":"<p><img loading=\"lazy\" decoding=\"async\" class=\"size-full wp-image-138 aligncenter\" src=\"http:\/\/www.lxelectriccars.com\/wp-content\/uploads\/2023\/08\/banner-of-electric-cars.jpg\" alt=\"Pankarta e makinave elektrike\" width=\"800\" height=\"534\" srcset=\"https:\/\/www.lxelectriccars.com\/wp-content\/uploads\/2023\/08\/banner-of-electric-cars.jpg 800w, https:\/\/www.lxelectriccars.com\/wp-content\/uploads\/2023\/08\/banner-of-electric-cars-300x200.jpg 300w, https:\/\/www.lxelectriccars.com\/wp-content\/uploads\/2023\/08\/banner-of-electric-cars-768x513.jpg 768w\" sizes=\"auto, (max-width: 800px) 100vw, 800px\" \/><\/p>\n<p>Ne jemi nj\u00eb pionier n\u00eb industrin\u00eb e makinave elektrike, duke rishkruar teknologjin\u00eb automobilistike me makinat tona elektrike revolucionare. Me nj\u00eb besim t\u00eb pal\u00ebkundur n\u00eb q\u00ebndrueshm\u00ebri dhe inovacion, ne po drejtojm\u00eb transformimin drejt nj\u00eb t\u00eb ardhmeje m\u00eb t\u00eb gjelb\u00ebr.<\/p>\n<h3>Vizioni yn\u00eb<\/h3>\n<p>Vizioni yn\u00eb \u00ebsht\u00eb t\u00eb prishim industrin\u00eb konvencionale t\u00eb transportit duke prezantuar automjete elektrike t\u00eb p\u00ebrballueshme dhe me cil\u00ebsi t\u00eb lart\u00eb. Ne parashikojm\u00eb nj\u00eb bot\u00eb ku transporti nuk \u00ebsht\u00eb m\u00eb nj\u00eb kontribues n\u00eb degradimin e mjedisit, por nj\u00eb zgjidhje p\u00ebr t\u00eb.<\/p>\n<h3>Oferta jon\u00eb<\/h3>\n<p>Gama jon\u00eb e produkteve \u00ebsht\u00eb e larmishme, duke p\u00ebrfshir\u00eb nga makinat kompakte p\u00ebr p\u00ebrdorim t\u00eb p\u00ebrditsh\u00ebm deri te automjetet komerciale p\u00ebr biznese. \u00c7do makin\u00eb e jon\u00eb \u00ebsht\u00eb d\u00ebshmi e p\u00ebrkushtimit ton\u00eb ndaj cil\u00ebsis\u00eb, inovacionit dhe q\u00ebndrueshm\u00ebris\u00eb. Makinat tona elektrike ofrojn\u00eb shum\u00eb p\u00ebrpar\u00ebsi krahasuar me automjetet tradicionale, duke p\u00ebrfshir\u00eb kosto m\u00eb t\u00eb ul\u00ebta operative dhe mir\u00ebmbajtjeje, emetime zero dhe nj\u00eb p\u00ebrvoj\u00eb drejtimi m\u00eb t\u00eb qet\u00eb dhe m\u00eb t\u00eb but\u00eb.<\/p>\n<h3>Inovacionet tona<\/h3>\n<p>Ne vazhdimisht po shtyjm\u00eb kufijt\u00eb e asaj q\u00eb \u00ebsht\u00eb e mundur n\u00eb teknologjin\u00eb e makinave elektrike. Ekipet tona po punojn\u00eb aktivisht p\u00ebr p\u00ebrparime n\u00eb jet\u00ebgjat\u00ebsin\u00eb e bateris\u00eb, shpejt\u00ebsin\u00eb e karikimit dhe aft\u00ebsit\u00eb e drejtimit autonom.<\/p>\n<h3>Zhvillimi i infrastruktur\u00ebs<\/h3>\n<p>Duke njohur nevoj\u00ebn p\u00ebr infrastruktur\u00eb mb\u00ebshtet\u00ebse, ne po investojm\u00eb n\u00eb zhvillimin e stacioneve t\u00eb karikimit p\u00ebr automjetet elektrike n\u00eb t\u00eb gjith\u00eb vendin. Q\u00ebllimi yn\u00eb \u00ebsht\u00eb t\u00eb sigurojm\u00eb q\u00eb zot\u00ebrimi dhe p\u00ebrdorimi i nj\u00eb automjeti elektrik t\u00eb jet\u00eb po aq i p\u00ebrshtatsh\u00ebm sa ai konvencional.<\/p>\n<h3>Njohje<\/h3>\n<p>P\u00ebrpjekjet tona nuk kan\u00eb kaluar pa u v\u00ebn\u00eb re. Ne kemi marr\u00eb vler\u00ebsime nga organizatat e industris\u00eb p\u00ebr dizajnet tona inovative dhe teknologjin\u00eb m\u00eb t\u00eb avancuar.<\/p>\n<h3>E ardhmja<\/h3>\n<p>Ne jemi t\u00eb entuziazmuar p\u00ebr t\u00eb ardhmen. Nd\u00ebrsa vazhdojm\u00eb t\u00eb inovojm\u00eb dhe t\u00eb rritemi, besojm\u00eb se p\u00ebrhapja e gjer\u00eb e makinave elektrike nuk \u00ebsht\u00eb vet\u00ebm e mundur, por e pashmangshme. N\u00eb p\u00ebrfundim, ne jemi m\u00eb shum\u00eb se thjesht nj\u00eb kompani automjetesh. Ne jemi nj\u00eb ekip vizionar\u00ebsh, inovator\u00ebsh dhe ruajt\u00ebsish t\u00eb mjedisit, t\u00eb p\u00ebrkushtuar p\u00ebr t\u00eb krijuar nj\u00eb t\u00eb ardhme t\u00eb q\u00ebndrueshme. Nd\u00ebrsa shikojm\u00eb drejt s\u00eb ardmes, ne jemi t\u00eb p\u00ebrkushtuar t\u00eb vazhdojm\u00eb misionin ton\u00eb p\u00ebr t\u00eb transformuar transportin. Jemi t\u00eb entuziazmuar p\u00ebr mund\u00ebsit\u00eb q\u00eb ofrojn\u00eb p\u00ebrparimet n\u00eb teknologjin\u00eb e baterive, vozitjen autonome, energjin\u00eb e rinovueshme dhe stacionet e karikimit p\u00ebr automjetet elektrike, dhe jemi t\u00eb p\u00ebrkushtuar t'i integrojm\u00eb k\u00ebto zhvillime n\u00eb modelet tona t\u00eb ardhshme. Q\u00ebllimi yn\u00eb nuk \u00ebsht\u00eb vet\u00ebm t\u00eb prodhojm\u00eb automjete elektrike, por t\u00eb krijojm\u00eb nj\u00eb ekosistem t\u00eb q\u00ebndruesh\u00ebm transporti q\u00eb sjell p\u00ebrfitime p\u00ebr t\u00eb gjith\u00eb.<\/p>","protected":false},"excerpt":{"rendered":"<p>we are a pioneer in the electric cars industry, is redefining automobile technology with its ground-breaking electric cars. With a firm belief in sustainability and innovation, we are driving the transformation towards a greener future. Our Vision Our vision is to disrupt the conventional transportation industry by introducing affordable, high-quality electric vehicles. We envision a&hellip;&nbsp;<a href=\"https:\/\/www.lxelectriccars.com\/sq\/\" class=\"\" rel=\"bookmark\">Read More &raquo;<span class=\"screen-reader-text\">rreth<\/span><\/a><\/p>","protected":false},"author":1,"featured_media":0,"parent":0,"menu_order":0,"comment_status":"closed","ping_status":"closed","template":"","meta":{"_seopress_robots_primary_cat":"","neve_meta_sidebar":"","neve_meta_container":"","neve_meta_enable_content_width":"off","neve_meta_content_width":100,"neve_meta_title_alignment":"","neve_meta_author_avatar":"","neve_post_elements_order":"","neve_meta_disable_header":"","neve_meta_disable_footer":"","neve_meta_disable_title":"","ngg_post_thumbnail":0,"footnotes":""},"class_list":["post-130","page","type-page","status-publish","hentry"],"_links":{"self":[{"href":"https:\/\/www.lxelectriccars.com\/sq\/wp-json\/wp\/v2\/pages\/130","targetHints":{"allow":["GET"]}}],"collection":[{"href":"https:\/\/www.lxelectriccars.com\/sq\/wp-json\/wp\/v2\/pages"}],"about":[{"href":"https:\/\/www.lxelectriccars.com\/sq\/wp-json\/wp\/v2\/types\/page"}],"author":[{"embeddable":true,"href":"https:\/\/www.lxelectriccars.com\/sq\/wp-json\/wp\/v2\/users\/1"}],"replies":[{"embeddable":true,"href":"https:\/\/www.lxelectriccars.com\/sq\/wp-json\/wp\/v2\/comments?post=130"}],"version-history":[{"count":8,"href":"https:\/\/www.lxelectriccars.com\/sq\/wp-json\/wp\/v2\/pages\/130\/revisions"}],"predecessor-version":[{"id":208,"href":"https:\/\/www.lxelectriccars.com\/sq\/wp-json\/wp\/v2\/pages\/130\/revisions\/208"}],"wp:attachment":[{"href":"https:\/\/www.lxelectriccars.com\/sq\/wp-json\/wp\/v2\/media?parent=130"}],"curies":[{"name":"wp","href":"https:\/\/api.w.org\/{rel}","templated":true}]}}