{"id":130,"date":"2023-08-27T14:20:50","date_gmt":"2023-08-27T06:20:50","guid":{"rendered":"https:\/\/www.lxelectriccars.com\/?page_id=130"},"modified":"2023-08-27T18:20:50","modified_gmt":"2023-08-27T10:20:50","slug":"about","status":"publish","type":"page","link":"https:\/\/www.lxelectriccars.com\/sv\/","title":{"rendered":"om"},"content":{"rendered":"<p><img loading=\"lazy\" decoding=\"async\" class=\"size-full wp-image-138 aligncenter\" src=\"http:\/\/www.lxelectriccars.com\/wp-content\/uploads\/2023\/08\/banner-of-electric-cars.jpg\" alt=\"banner f\u00f6r elbilar\" width=\"800\" height=\"534\" srcset=\"https:\/\/www.lxelectriccars.com\/wp-content\/uploads\/2023\/08\/banner-of-electric-cars.jpg 800w, https:\/\/www.lxelectriccars.com\/wp-content\/uploads\/2023\/08\/banner-of-electric-cars-300x200.jpg 300w, https:\/\/www.lxelectriccars.com\/wp-content\/uploads\/2023\/08\/banner-of-electric-cars-768x513.jpg 768w\" sizes=\"auto, (max-width: 800px) 100vw, 800px\" \/><\/p>\n<p>vi \u00e4r en pionj\u00e4r inom elbilsindustrin och omdefinierar biltekniken med v\u00e5ra banbrytande elbilar. Med en stark tro p\u00e5 h\u00e5llbarhet och innovation driver vi p\u00e5 omvandlingen mot en gr\u00f6nare framtid.<\/p>\n<h3>V\u00e5r vision<\/h3>\n<p>V\u00e5r vision \u00e4r att f\u00f6r\u00e4ndra den konventionella transportindustrin genom att introducera prisv\u00e4rda, h\u00f6gkvalitativa elfordon. Vi ser framf\u00f6r oss en v\u00e4rld d\u00e4r transporter inte l\u00e4ngre bidrar till milj\u00f6f\u00f6rst\u00f6ring, utan \u00e4r en l\u00f6sning p\u00e5 den.<\/p>\n<h3>V\u00e5rt erbjudande<\/h3>\n<p>V\u00e5rt produktsortiment \u00e4r m\u00e5ngsidigt och omfattar allt fr\u00e5n kompakta bilar f\u00f6r vardagsbruk till kommersiella fordon f\u00f6r f\u00f6retag. Var och en av v\u00e5ra bilar \u00e4r ett bevis p\u00e5 v\u00e5rt engagemang f\u00f6r kvalitet, innovation och h\u00e5llbarhet. V\u00e5ra elbilar erbjuder m\u00e5nga f\u00f6rdelar j\u00e4mf\u00f6rt med traditionella fordon, inklusive l\u00e4gre drifts- och underh\u00e5llskostnader, nollutsl\u00e4pp och en tystare och smidigare k\u00f6rupplevelse.<\/p>\n<h3>V\u00e5ra innovationer<\/h3>\n<p>Vi flyttar hela tiden fram gr\u00e4nserna f\u00f6r vad som \u00e4r m\u00f6jligt inom elbilstekniken. V\u00e5ra team arbetar aktivt med att utveckla batteriets livsl\u00e4ngd, laddningshastigheten och m\u00f6jligheterna till autonom k\u00f6rning.<\/p>\n<h3>Utveckling av infrastruktur<\/h3>\n<p>Vi inser behovet av st\u00f6djande infrastruktur och investerar d\u00e4rf\u00f6r i utvecklingen av laddningsstationer f\u00f6r elbilar \u00f6ver hela landet. V\u00e5rt m\u00e5l \u00e4r att se till att det \u00e4r lika bekv\u00e4mt att \u00e4ga och anv\u00e4nda en elbil som en konventionell bil.<\/p>\n<h3>Erk\u00e4nnande<\/h3>\n<p>V\u00e5ra anstr\u00e4ngningar har inte g\u00e5tt obem\u00e4rkta f\u00f6rbi. Vi har f\u00e5tt utm\u00e4rkelser fr\u00e5n branschorgan f\u00f6r v\u00e5r innovativa design och banbrytande teknik.<\/p>\n<h3>Framtiden<\/h3>\n<p>Vi \u00e4r entusiastiska \u00f6ver framtiden. N\u00e4r vi forts\u00e4tter att f\u00f6rnya oss och v\u00e4xa tror vi att en utbredd anv\u00e4ndning av elbilar inte bara \u00e4r m\u00f6jlig, utan oundviklig.sammanfattningsvis \u00e4r vi mer \u00e4n bara ett bilf\u00f6retag. Vi \u00e4r ett team av vision\u00e4rer, innovat\u00f6rer och milj\u00f6f\u00f6rvaltare som arbetar f\u00f6r att skapa en h\u00e5llbar framtid.n\u00e4r vi blickar fram\u00e5t \u00e4r vi fast beslutna att forts\u00e4tta v\u00e5rt uppdrag att f\u00f6r\u00e4ndra transportsektorn. Vi \u00e4r entusiastiska \u00f6ver de m\u00f6jligheter som erbjuds genom framsteg inom batteriteknik, autonom k\u00f6rning och f\u00f6rnybar energi, laddningsstationer f\u00f6r elbilar, och vi \u00e4r fast beslutna att integrera denna utveckling i v\u00e5ra framtida modeller. V\u00e5rt m\u00e5l \u00e4r inte bara att producera elbilar, utan att skapa ett h\u00e5llbart ekosystem f\u00f6r transporter som gynnar alla.<\/p>","protected":false},"excerpt":{"rendered":"<p>we are a pioneer in the electric cars industry, is redefining automobile technology with its ground-breaking electric cars. With a firm belief in sustainability and innovation, we are driving the transformation towards a greener future. Our Vision Our vision is to disrupt the conventional transportation industry by introducing affordable, high-quality electric vehicles. We envision a&hellip;&nbsp;<a href=\"https:\/\/www.lxelectriccars.com\/sv\/\" class=\"\" rel=\"bookmark\">L\u00e4s mer &raquo;<span class=\"screen-reader-text\">om<\/span><\/a><\/p>","protected":false},"author":1,"featured_media":0,"parent":0,"menu_order":0,"comment_status":"closed","ping_status":"closed","template":"","meta":{"_seopress_robots_primary_cat":"","neve_meta_sidebar":"","neve_meta_container":"","neve_meta_enable_content_width":"off","neve_meta_content_width":100,"neve_meta_title_alignment":"","neve_meta_author_avatar":"","neve_post_elements_order":"","neve_meta_disable_header":"","neve_meta_disable_footer":"","neve_meta_disable_title":"","ngg_post_thumbnail":0,"footnotes":""},"class_list":["post-130","page","type-page","status-publish","hentry"],"_links":{"self":[{"href":"https:\/\/www.lxelectriccars.com\/sv\/wp-json\/wp\/v2\/pages\/130","targetHints":{"allow":["GET"]}}],"collection":[{"href":"https:\/\/www.lxelectriccars.com\/sv\/wp-json\/wp\/v2\/pages"}],"about":[{"href":"https:\/\/www.lxelectriccars.com\/sv\/wp-json\/wp\/v2\/types\/page"}],"author":[{"embeddable":true,"href":"https:\/\/www.lxelectriccars.com\/sv\/wp-json\/wp\/v2\/users\/1"}],"replies":[{"embeddable":true,"href":"https:\/\/www.lxelectriccars.com\/sv\/wp-json\/wp\/v2\/comments?post=130"}],"version-history":[{"count":8,"href":"https:\/\/www.lxelectriccars.com\/sv\/wp-json\/wp\/v2\/pages\/130\/revisions"}],"predecessor-version":[{"id":208,"href":"https:\/\/www.lxelectriccars.com\/sv\/wp-json\/wp\/v2\/pages\/130\/revisions\/208"}],"wp:attachment":[{"href":"https:\/\/www.lxelectriccars.com\/sv\/wp-json\/wp\/v2\/media?parent=130"}],"curies":[{"name":"wp","href":"https:\/\/api.w.org\/{rel}","templated":true}]}}