{"id":130,"date":"2023-08-27T14:20:50","date_gmt":"2023-08-27T06:20:50","guid":{"rendered":"https:\/\/www.lxelectriccars.com\/?page_id=130"},"modified":"2023-08-27T18:20:50","modified_gmt":"2023-08-27T10:20:50","slug":"about","status":"publish","type":"page","link":"https:\/\/www.lxelectriccars.com\/tr\/","title":{"rendered":"hakk\u0131nda"},"content":{"rendered":"<p><img loading=\"lazy\" decoding=\"async\" class=\"size-full wp-image-138 aligncenter\" src=\"http:\/\/www.lxelectriccars.com\/wp-content\/uploads\/2023\/08\/banner-of-electric-cars.jpg\" alt=\"elektrikli otomobillerin afi\u015fi\" width=\"800\" height=\"534\" srcset=\"https:\/\/www.lxelectriccars.com\/wp-content\/uploads\/2023\/08\/banner-of-electric-cars.jpg 800w, https:\/\/www.lxelectriccars.com\/wp-content\/uploads\/2023\/08\/banner-of-electric-cars-300x200.jpg 300w, https:\/\/www.lxelectriccars.com\/wp-content\/uploads\/2023\/08\/banner-of-electric-cars-768x513.jpg 768w\" sizes=\"auto, (max-width: 800px) 100vw, 800px\" \/><\/p>\n<p>elektrikli otomobil sekt\u00f6r\u00fcnde \u00f6nc\u00fcy\u00fcz, \u00e7\u0131\u011f\u0131r a\u00e7an elektrikli otomobilleriyle otomobil teknolojisini yeniden tan\u0131ml\u0131yoruz. S\u00fcrd\u00fcr\u00fclebilirlik ve inovasyona olan inanc\u0131m\u0131zla, daha ye\u015fil bir gelece\u011fe do\u011fru d\u00f6n\u00fc\u015f\u00fcm\u00fc y\u00f6nlendiriyoruz.<\/p>\n<h3>Vizyonumuz<\/h3>\n<p>Vizyonumuz, uygun fiyatl\u0131, y\u00fcksek kaliteli elektrikli ara\u00e7lar sunarak geleneksel ula\u015f\u0131m sekt\u00f6r\u00fcn\u00fc alt\u00fcst etmektir. Ula\u015f\u0131m\u0131n art\u0131k \u00e7evresel bozulmaya katk\u0131da bulunan bir unsur de\u011fil, buna bir \u00e7\u00f6z\u00fcm oldu\u011fu bir d\u00fcnya hayal ediyoruz.<\/p>\n<h3>Teklifimiz<\/h3>\n<p>\u00dcr\u00fcn yelpazemiz, g\u00fcnl\u00fck kullan\u0131m i\u00e7in kompakt otomobillerden i\u015fletmeler i\u00e7in ticari ara\u00e7lara kadar uzanan geni\u015f bir yelpazeye sahiptir. Ara\u00e7lar\u0131m\u0131z\u0131n her biri kaliteye, yenili\u011fe ve s\u00fcrd\u00fcr\u00fclebilirli\u011fe olan ba\u011fl\u0131l\u0131\u011f\u0131m\u0131z\u0131n bir kan\u0131t\u0131d\u0131r. Elektrikli ara\u00e7lar\u0131m\u0131z geleneksel ara\u00e7lara g\u00f6re daha d\u00fc\u015f\u00fck \u00e7al\u0131\u015ft\u0131rma ve bak\u0131m maliyetleri, s\u0131f\u0131r emisyon ve daha sessiz, daha yumu\u015fak bir s\u00fcr\u00fc\u015f deneyimi dahil olmak \u00fczere \u00e7ok say\u0131da avantaj sunar.<\/p>\n<h3>Yeniliklerimiz<\/h3>\n<p>Elektrikli otomobil teknolojisinde m\u00fcmk\u00fcn olan\u0131n s\u0131n\u0131rlar\u0131n\u0131 s\u00fcrekli olarak zorluyoruz. Ekiplerimiz batarya \u00f6mr\u00fc, \u015farj h\u0131z\u0131 ve otonom s\u00fcr\u00fc\u015f yeteneklerindeki geli\u015fmeler \u00fczerinde aktif olarak \u00e7al\u0131\u015f\u0131yor.<\/p>\n<h3>Altyap\u0131 Geli\u015ftirme<\/h3>\n<p>Destekleyici altyap\u0131 ihtiyac\u0131n\u0131n fark\u0131nda olarak, \u00fclke genelinde elektrikli ara\u00e7 \u015farj istasyonlar\u0131n\u0131n geli\u015ftirilmesine yat\u0131r\u0131m yap\u0131yoruz. Amac\u0131m\u0131z, elektrikli bir araca sahip olman\u0131n ve onu kullanman\u0131n geleneksel bir ara\u00e7 kadar kolay olmas\u0131n\u0131 sa\u011flamakt\u0131r.<\/p>\n<h3>Tan\u0131nma<\/h3>\n<p>\u00c7abalar\u0131m\u0131z fark edilmedi de\u011fil. Yenilik\u00e7i tasar\u0131mlar\u0131m\u0131z ve en son teknolojimiz i\u00e7in end\u00fcstri kurulu\u015flar\u0131ndan \u00f6d\u00fcller ald\u0131k.<\/p>\n<h3>Gelecek<\/h3>\n<p>Gelecek i\u00e7in heyecanl\u0131y\u0131z. \u0130novasyon yapmaya ve b\u00fcy\u00fcmeye devam ettik\u00e7e, elektrikli otomobillerin yayg\u0131n olarak benimsenmesinin sadece m\u00fcmk\u00fcn de\u011fil, ayn\u0131 zamanda ka\u00e7\u0131n\u0131lmaz oldu\u011funa inan\u0131yoruz. Kendini s\u00fcrd\u00fcr\u00fclebilir bir gelecek yaratmaya adam\u0131\u015f vizyonerlerden, yenilik\u00e7ilerden ve \u00e7evre sorumlular\u0131ndan olu\u015fan bir ekibiz ve gelece\u011fe bakarken ula\u015f\u0131m\u0131 d\u00f6n\u00fc\u015ft\u00fcrme misyonumuzu s\u00fcrd\u00fcrmeye kararl\u0131y\u0131z. Batarya teknolojisi, otonom s\u00fcr\u00fc\u015f ve yenilenebilir enerji, elektrikli otomobil \u015farj istasyonlar\u0131 gibi alanlardaki geli\u015fmelerin sundu\u011fu olanaklar bizi heyecanland\u0131r\u0131yor ve bu geli\u015fmeleri gelecekteki modellerimize entegre etmeye kararl\u0131y\u0131z. Amac\u0131m\u0131z sadece elektrikli otomobiller \u00fcretmek de\u011fil, herkese fayda sa\u011flayan s\u00fcrd\u00fcr\u00fclebilir bir ula\u015f\u0131m ekosistemi yaratmakt\u0131r.<\/p>","protected":false},"excerpt":{"rendered":"<p>we are a pioneer in the electric cars industry, is redefining automobile technology with its ground-breaking electric cars. With a firm belief in sustainability and innovation, we are driving the transformation towards a greener future. Our Vision Our vision is to disrupt the conventional transportation industry by introducing affordable, high-quality electric vehicles. We envision a&hellip;&nbsp;<a href=\"https:\/\/www.lxelectriccars.com\/tr\/\" class=\"\" rel=\"bookmark\">Daha fazlas\u0131n\u0131 oku &raquo;<span class=\"screen-reader-text\">hakk\u0131nda<\/span><\/a><\/p>","protected":false},"author":1,"featured_media":0,"parent":0,"menu_order":0,"comment_status":"closed","ping_status":"closed","template":"","meta":{"_seopress_robots_primary_cat":"","neve_meta_sidebar":"","neve_meta_container":"","neve_meta_enable_content_width":"off","neve_meta_content_width":100,"neve_meta_title_alignment":"","neve_meta_author_avatar":"","neve_post_elements_order":"","neve_meta_disable_header":"","neve_meta_disable_footer":"","neve_meta_disable_title":"","ngg_post_thumbnail":0,"footnotes":""},"class_list":["post-130","page","type-page","status-publish","hentry"],"_links":{"self":[{"href":"https:\/\/www.lxelectriccars.com\/tr\/wp-json\/wp\/v2\/pages\/130","targetHints":{"allow":["GET"]}}],"collection":[{"href":"https:\/\/www.lxelectriccars.com\/tr\/wp-json\/wp\/v2\/pages"}],"about":[{"href":"https:\/\/www.lxelectriccars.com\/tr\/wp-json\/wp\/v2\/types\/page"}],"author":[{"embeddable":true,"href":"https:\/\/www.lxelectriccars.com\/tr\/wp-json\/wp\/v2\/users\/1"}],"replies":[{"embeddable":true,"href":"https:\/\/www.lxelectriccars.com\/tr\/wp-json\/wp\/v2\/comments?post=130"}],"version-history":[{"count":8,"href":"https:\/\/www.lxelectriccars.com\/tr\/wp-json\/wp\/v2\/pages\/130\/revisions"}],"predecessor-version":[{"id":208,"href":"https:\/\/www.lxelectriccars.com\/tr\/wp-json\/wp\/v2\/pages\/130\/revisions\/208"}],"wp:attachment":[{"href":"https:\/\/www.lxelectriccars.com\/tr\/wp-json\/wp\/v2\/media?parent=130"}],"curies":[{"name":"wp","href":"https:\/\/api.w.org\/{rel}","templated":true}]}}